{"id":50613,"date":"2023-07-04T10:05:24","date_gmt":"2023-07-04T10:05:24","guid":{"rendered":"https:\/\/shop.nano.ba\/?post_type=product&#038;p=50613"},"modified":"2026-04-26T12:42:26","modified_gmt":"2026-04-26T12:42:26","slug":"hodalica-crvena-2","status":"publish","type":"product","link":"https:\/\/shop.nano.ba\/index.php\/proizvod\/hodalica-crvena-2\/","title":{"rendered":"Hodalica Nano &#8211; Bordo"},"content":{"rendered":"<div dir=\"auto\">\n<p>Hodalica Nano. Savr\u0161ena za aktivnu bebu. Poti\u010de vje\u017ebu mi\u0161i\u0107a i kretanje. Pobolj\u0161ava motoriku. Idealna u uzrastu kada je bebi potrebno vi\u0161e kretanja, a nisu jo\u0161 dovoljno stabilni.<\/p>\n<ul>\n<li>Pogodno za djecu od 6 mjeseci do 12 kg;<\/li>\n<li>Pode\u0161avanje visine u 3 polo\u017eaja.<\/li>\n<li>Pladanj sa igra\u010dkama se mo\u017ee skidati.<\/li>\n<li>Mekano sjedalo sa naslonom.<\/li>\n<li>Silikonski to\u010dki\u0107i koji ne klize.<\/li>\n<li>To\u010dki\u0107i sa ko\u010dnicama, za pode\u0161avanje brzine.<\/li>\n<li>Razigrani dizajn.<\/li>\n<li>Visokokvalitetni plasti\u010dni materijal.<\/li>\n<li>Muzi\u010dka.<\/li>\n<li>Transformi\u0161e se u prohodalicu.<\/li>\n<\/ul>\n<p>Dostupne boje: bordo, plava i siva.<\/p>\n<\/div>\n","protected":false},"excerpt":{"rendered":"<p>Hodalica Nano. Savr\u0161ena za aktivnu bebu. Poti\u010de vje\u017ebu mi\u0161i\u0107a i kretanje. Pobolj\u0161ava motoriku. Idealna u uzrastu kada je bebi potrebno<\/p>\n","protected":false},"featured_media":126534,"template":"","meta":[],"product_brand":[],"product_cat":[317,800,821,594],"product_tag":[],"class_list":{"0":"post-50613","1":"product","2":"type-product","3":"status-publish","4":"has-post-thumbnail","6":"product_cat-baby-oprema","7":"product_cat-boje-i-dezeni","8":"product_cat-crvena","9":"product_cat-hodalice","11":"first","12":"instock","13":"shipping-taxable","14":"purchasable","15":"product-type-simple"},"_links":{"self":[{"href":"https:\/\/shop.nano.ba\/index.php\/wp-json\/wp\/v2\/product\/50613","targetHints":{"allow":["GET"]}}],"collection":[{"href":"https:\/\/shop.nano.ba\/index.php\/wp-json\/wp\/v2\/product"}],"about":[{"href":"https:\/\/shop.nano.ba\/index.php\/wp-json\/wp\/v2\/types\/product"}],"version-history":[{"count":5,"href":"https:\/\/shop.nano.ba\/index.php\/wp-json\/wp\/v2\/product\/50613\/revisions"}],"predecessor-version":[{"id":126535,"href":"https:\/\/shop.nano.ba\/index.php\/wp-json\/wp\/v2\/product\/50613\/revisions\/126535"}],"wp:featuredmedia":[{"embeddable":true,"href":"https:\/\/shop.nano.ba\/index.php\/wp-json\/wp\/v2\/media\/126534"}],"wp:attachment":[{"href":"https:\/\/shop.nano.ba\/index.php\/wp-json\/wp\/v2\/media?parent=50613"}],"wp:term":[{"taxonomy":"product_brand","embeddable":true,"href":"https:\/\/shop.nano.ba\/index.php\/wp-json\/wp\/v2\/product_brand?post=50613"},{"taxonomy":"product_cat","embeddable":true,"href":"https:\/\/shop.nano.ba\/index.php\/wp-json\/wp\/v2\/product_cat?post=50613"},{"taxonomy":"product_tag","embeddable":true,"href":"https:\/\/shop.nano.ba\/index.php\/wp-json\/wp\/v2\/product_tag?post=50613"}],"curies":[{"name":"wp","href":"https:\/\/api.w.org\/{rel}","templated":true}]}}