{"id":50633,"date":"2023-07-04T10:24:12","date_gmt":"2023-07-04T10:24:12","guid":{"rendered":"https:\/\/shop.nano.ba\/?post_type=product&#038;p=50633"},"modified":"2026-04-05T08:25:37","modified_gmt":"2026-04-05T08:25:37","slug":"silikonska-glodalica-za-bebe","status":"publish","type":"product","link":"https:\/\/shop.nano.ba\/index.php\/proizvod\/silikonska-glodalica-za-bebe\/","title":{"rendered":"Silikonska glodalica za bebe"},"content":{"rendered":"<div dir=\"auto\">Glodalica za zubi\u0107e <span class=\"html-span xexx8yu xyri2b x18d9i69 x1c1uobl x1hl2dhg x16tdsg8 x1vvkbs x3nfvp2 x1j61x8r x1fcty0u xdj266r xat24cr xm2jcoa x1mpyi22 xxymvpz xlup9mm x1kky2od\"><img loading=\"lazy\" decoding=\"async\" class=\"xz74otr x15mokao x1ga7v0g x16uus16 xbiv7yw\" src=\"https:\/\/static.xx.fbcdn.net\/images\/emoji.php\/v9\/t6c\/1\/16\/2764.png\" alt=\"\u2764\ufe0f\" width=\"16\" height=\"16\" \/><\/span><\/div>\n<div dir=\"auto\">BPA free bez ikakvih \u0161tetnih bojila, sigurna za upotrebu.<\/div>\n<div dir=\"auto\"><\/div>\n<div dir=\"auto\">Glodalica je igra\u010dka koja slu\u017ei za masa\u017eu desni i smanjenje pritiska tokom izbijanja zubi\u0107a. Masira bolne desni i smanjuje pritisak u ustima tokom izbijanja.<span class=\"html-span xexx8yu xyri2b x18d9i69 x1c1uobl x1hl2dhg x16tdsg8 x1vvkbs x3nfvp2 x1j61x8r x1fcty0u xdj266r xat24cr xm2jcoa x1mpyi22 xxymvpz xlup9mm x1kky2od\"><img loading=\"lazy\" decoding=\"async\" class=\"xz74otr x15mokao x1ga7v0g x16uus16 xbiv7yw\" src=\"https:\/\/static.xx.fbcdn.net\/images\/emoji.php\/v9\/t33\/1\/16\/2705.png\" alt=\"\u2705\" width=\"16\" height=\"16\" \/><\/span><\/div>\n","protected":false},"excerpt":{"rendered":"<p>Glodalica za zubi\u0107e BPA free bez ikakvih \u0161tetnih bojila, sigurna za upotrebu. Glodalica je igra\u010dka koja slu\u017ei za masa\u017eu desni<\/p>\n","protected":false},"featured_media":116376,"template":"","meta":[],"product_brand":[],"product_cat":[317,607],"product_tag":[],"class_list":{"0":"post-50633","1":"product","2":"type-product","3":"status-publish","4":"has-post-thumbnail","6":"product_cat-baby-oprema","7":"product_cat-glodalice","9":"first","10":"instock","11":"shipping-taxable","12":"purchasable","13":"product-type-variable"},"_links":{"self":[{"href":"https:\/\/shop.nano.ba\/index.php\/wp-json\/wp\/v2\/product\/50633","targetHints":{"allow":["GET"]}}],"collection":[{"href":"https:\/\/shop.nano.ba\/index.php\/wp-json\/wp\/v2\/product"}],"about":[{"href":"https:\/\/shop.nano.ba\/index.php\/wp-json\/wp\/v2\/types\/product"}],"version-history":[{"count":3,"href":"https:\/\/shop.nano.ba\/index.php\/wp-json\/wp\/v2\/product\/50633\/revisions"}],"predecessor-version":[{"id":116406,"href":"https:\/\/shop.nano.ba\/index.php\/wp-json\/wp\/v2\/product\/50633\/revisions\/116406"}],"wp:featuredmedia":[{"embeddable":true,"href":"https:\/\/shop.nano.ba\/index.php\/wp-json\/wp\/v2\/media\/116376"}],"wp:attachment":[{"href":"https:\/\/shop.nano.ba\/index.php\/wp-json\/wp\/v2\/media?parent=50633"}],"wp:term":[{"taxonomy":"product_brand","embeddable":true,"href":"https:\/\/shop.nano.ba\/index.php\/wp-json\/wp\/v2\/product_brand?post=50633"},{"taxonomy":"product_cat","embeddable":true,"href":"https:\/\/shop.nano.ba\/index.php\/wp-json\/wp\/v2\/product_cat?post=50633"},{"taxonomy":"product_tag","embeddable":true,"href":"https:\/\/shop.nano.ba\/index.php\/wp-json\/wp\/v2\/product_tag?post=50633"}],"curies":[{"name":"wp","href":"https:\/\/api.w.org\/{rel}","templated":true}]}}