{"id":50635,"date":"2023-07-04T10:25:51","date_gmt":"2023-07-04T10:25:51","guid":{"rendered":"https:\/\/shop.nano.ba\/?post_type=product&#038;p=50635"},"modified":"2026-04-19T08:27:25","modified_gmt":"2026-04-19T08:27:25","slug":"silikonska-glodalica-za-voce","status":"publish","type":"product","link":"https:\/\/shop.nano.ba\/index.php\/proizvod\/silikonska-glodalica-za-voce\/","title":{"rendered":"Silikonska glodalica za vo\u0107e"},"content":{"rendered":"<div dir=\"auto\">Glodalica za vo\u0107e 4,50KM <span class=\"html-span xexx8yu xyri2b x18d9i69 x1c1uobl x1hl2dhg x16tdsg8 x1vvkbs x3nfvp2 x1j61x8r x1fcty0u xdj266r xat24cr xm2jcoa x1mpyi22 xxymvpz xlup9mm x1kky2od\"><img loading=\"lazy\" decoding=\"async\" class=\"xz74otr x15mokao x1ga7v0g x16uus16 xbiv7yw\" src=\"https:\/\/static.xx.fbcdn.net\/images\/emoji.php\/v9\/tf0\/1\/16\/1f338.png\" alt=\"\ud83c\udf38\" width=\"16\" height=\"16\" \/><br \/>\nIdealna za grickanje vo\u0107a i ujedno masa\u017eu desni. U glodalicu se mo\u017ee ubaciti i ohla\u0111eno vo\u0107e kako bi se umanjila bol prilikom izbijanja zubi\u0107a. U glodalicu ubacite komadi\u0107e vo\u0107a, a beba ih pritiskom gnije\u010di i cijedi. Masira bolne desni, a pritom jede ukusno vo\u0107e.\u00a0<\/span><\/div>\n<div dir=\"auto\">Glodalica je igra\u010dka koja slu\u017ei za masa\u017eu desni i smanjenje pritiska tokom izbijanja zubi\u0107a. Masira bolne desni i smanjuje pritisak u ustima tokom izbijanja.<span class=\"html-span xexx8yu xyri2b x18d9i69 x1c1uobl x1hl2dhg x16tdsg8 x1vvkbs x3nfvp2 x1j61x8r x1fcty0u xdj266r xat24cr xm2jcoa x1mpyi22 xxymvpz xlup9mm x1kky2od\"><img loading=\"lazy\" decoding=\"async\" class=\"xz74otr x15mokao x1ga7v0g x16uus16 xbiv7yw\" src=\"https:\/\/static.xx.fbcdn.net\/images\/emoji.php\/v9\/t33\/1\/16\/2705.png\" alt=\"\u2705\" width=\"16\" height=\"16\" \/><\/span><\/div>\n","protected":false},"excerpt":{"rendered":"<p>Glodalica za vo\u0107e 4,50KM Idealna za grickanje vo\u0107a i ujedno masa\u017eu desni. U glodalicu se mo\u017ee ubaciti i ohla\u0111eno vo\u0107e<\/p>\n","protected":false},"featured_media":116365,"template":"","meta":[],"product_brand":[],"product_cat":[317,607],"product_tag":[],"class_list":{"0":"post-50635","1":"product","2":"type-product","3":"status-publish","4":"has-post-thumbnail","6":"product_cat-baby-oprema","7":"product_cat-glodalice","9":"first","10":"instock","11":"shipping-taxable","12":"purchasable","13":"product-type-variable"},"_links":{"self":[{"href":"https:\/\/shop.nano.ba\/index.php\/wp-json\/wp\/v2\/product\/50635","targetHints":{"allow":["GET"]}}],"collection":[{"href":"https:\/\/shop.nano.ba\/index.php\/wp-json\/wp\/v2\/product"}],"about":[{"href":"https:\/\/shop.nano.ba\/index.php\/wp-json\/wp\/v2\/types\/product"}],"version-history":[{"count":4,"href":"https:\/\/shop.nano.ba\/index.php\/wp-json\/wp\/v2\/product\/50635\/revisions"}],"predecessor-version":[{"id":116375,"href":"https:\/\/shop.nano.ba\/index.php\/wp-json\/wp\/v2\/product\/50635\/revisions\/116375"}],"wp:featuredmedia":[{"embeddable":true,"href":"https:\/\/shop.nano.ba\/index.php\/wp-json\/wp\/v2\/media\/116365"}],"wp:attachment":[{"href":"https:\/\/shop.nano.ba\/index.php\/wp-json\/wp\/v2\/media?parent=50635"}],"wp:term":[{"taxonomy":"product_brand","embeddable":true,"href":"https:\/\/shop.nano.ba\/index.php\/wp-json\/wp\/v2\/product_brand?post=50635"},{"taxonomy":"product_cat","embeddable":true,"href":"https:\/\/shop.nano.ba\/index.php\/wp-json\/wp\/v2\/product_cat?post=50635"},{"taxonomy":"product_tag","embeddable":true,"href":"https:\/\/shop.nano.ba\/index.php\/wp-json\/wp\/v2\/product_tag?post=50635"}],"curies":[{"name":"wp","href":"https:\/\/api.w.org\/{rel}","templated":true}]}}