{"id":50665,"date":"2023-07-04T11:02:12","date_gmt":"2023-07-04T11:02:12","guid":{"rendered":"https:\/\/shop.nano.ba\/?post_type=product&#038;p=50665"},"modified":"2026-04-12T11:15:21","modified_gmt":"2026-04-12T11:15:21","slug":"duda-za-bebe","status":"publish","type":"product","link":"https:\/\/shop.nano.ba\/index.php\/proizvod\/duda-za-bebe\/","title":{"rendered":"Duda za bebe"},"content":{"rendered":"<div dir=\"auto\">Djeca se ra\u0111aju sa jakim instinktom za sisanjem.<\/div>\n<div dir=\"auto\">Duda varalica im poma\u017ee smiriti tu potrebu, a u kasnijoj dobi pru\u017ea im utjehu. <span class=\"html-span xexx8yu xyri2b x18d9i69 x1c1uobl x1hl2dhg x16tdsg8 x1vvkbs x3nfvp2 x1j61x8r x1fcty0u xdj266r xat24cr xm2jcoa x1mpyi22 xxymvpz xlup9mm x1kky2od\"><img loading=\"lazy\" decoding=\"async\" class=\"xz74otr x15mokao x1ga7v0g x16uus16 xbiv7yw\" src=\"https:\/\/static.xx.fbcdn.net\/images\/emoji.php\/v9\/t87\/1\/16\/1f340.png\" alt=\"\ud83c\udf40\" width=\"16\" height=\"16\" \/><\/span><span class=\"html-span xexx8yu xyri2b x18d9i69 x1c1uobl x1hl2dhg x16tdsg8 x1vvkbs x3nfvp2 x1j61x8r x1fcty0u xdj266r xat24cr xm2jcoa x1mpyi22 xxymvpz xlup9mm x1kky2od\"><img loading=\"lazy\" decoding=\"async\" class=\"xz74otr x15mokao x1ga7v0g x16uus16 xbiv7yw\" src=\"https:\/\/static.xx.fbcdn.net\/images\/emoji.php\/v9\/tea\/1\/16\/1f970.png\" alt=\"\ud83e\udd70\" width=\"16\" height=\"16\" \/><\/span><br \/>\nSilikonska. Bez olova, ftalata i BPA-Free.<br \/>\nMo\u017ee se prokuhavati radi sterilizacije.<\/div>\n","protected":false},"excerpt":{"rendered":"<p>Djeca se ra\u0111aju sa jakim instinktom za sisanjem. Duda varalica im poma\u017ee smiriti tu potrebu, a u kasnijoj dobi pru\u017ea<\/p>\n","protected":false},"featured_media":116216,"template":"","meta":[],"product_brand":[],"product_cat":[317,610],"product_tag":[],"class_list":{"0":"post-50665","1":"product","2":"type-product","3":"status-publish","4":"has-post-thumbnail","6":"product_cat-baby-oprema","7":"product_cat-dude","9":"first","10":"instock","11":"shipping-taxable","12":"purchasable","13":"product-type-variable"},"_links":{"self":[{"href":"https:\/\/shop.nano.ba\/index.php\/wp-json\/wp\/v2\/product\/50665","targetHints":{"allow":["GET"]}}],"collection":[{"href":"https:\/\/shop.nano.ba\/index.php\/wp-json\/wp\/v2\/product"}],"about":[{"href":"https:\/\/shop.nano.ba\/index.php\/wp-json\/wp\/v2\/types\/product"}],"version-history":[{"count":4,"href":"https:\/\/shop.nano.ba\/index.php\/wp-json\/wp\/v2\/product\/50665\/revisions"}],"predecessor-version":[{"id":116239,"href":"https:\/\/shop.nano.ba\/index.php\/wp-json\/wp\/v2\/product\/50665\/revisions\/116239"}],"wp:featuredmedia":[{"embeddable":true,"href":"https:\/\/shop.nano.ba\/index.php\/wp-json\/wp\/v2\/media\/116216"}],"wp:attachment":[{"href":"https:\/\/shop.nano.ba\/index.php\/wp-json\/wp\/v2\/media?parent=50665"}],"wp:term":[{"taxonomy":"product_brand","embeddable":true,"href":"https:\/\/shop.nano.ba\/index.php\/wp-json\/wp\/v2\/product_brand?post=50665"},{"taxonomy":"product_cat","embeddable":true,"href":"https:\/\/shop.nano.ba\/index.php\/wp-json\/wp\/v2\/product_cat?post=50665"},{"taxonomy":"product_tag","embeddable":true,"href":"https:\/\/shop.nano.ba\/index.php\/wp-json\/wp\/v2\/product_tag?post=50665"}],"curies":[{"name":"wp","href":"https:\/\/api.w.org\/{rel}","templated":true}]}}