{"id":50690,"date":"2023-07-04T11:56:37","date_gmt":"2023-07-04T11:56:37","guid":{"rendered":"https:\/\/shop.nano.ba\/?post_type=product&#038;p=50690"},"modified":"2025-10-04T05:15:49","modified_gmt":"2025-10-04T05:15:49","slug":"mickey-mouse-keramicka-solja-2","status":"publish","type":"product","link":"https:\/\/shop.nano.ba\/index.php\/proizvod\/mickey-mouse-keramicka-solja-2\/","title":{"rendered":"Mickey Mouse &#8211; Kerami\u010dka \u0161olja"},"content":{"rendered":"<p>Kerami\u010dka \u0161olja s poklopcem, u obliku Mickey Mouse.<br \/>\nZapremina 400ml.<\/p>\n","protected":false},"excerpt":{"rendered":"<p>Kerami\u010dka \u0161olja s poklopcem, u obliku Mickey Mouse. Zapremina 400ml.<\/p>\n","protected":false},"featured_media":88393,"template":"","meta":[],"product_brand":[],"product_cat":[63],"product_tag":[],"class_list":{"0":"post-50690","1":"product","2":"type-product","3":"status-publish","4":"has-post-thumbnail","6":"product_cat-keramicke-solje","8":"first","9":"instock","10":"shipping-taxable","11":"purchasable","12":"product-type-simple"},"_links":{"self":[{"href":"https:\/\/shop.nano.ba\/index.php\/wp-json\/wp\/v2\/product\/50690","targetHints":{"allow":["GET"]}}],"collection":[{"href":"https:\/\/shop.nano.ba\/index.php\/wp-json\/wp\/v2\/product"}],"about":[{"href":"https:\/\/shop.nano.ba\/index.php\/wp-json\/wp\/v2\/types\/product"}],"version-history":[{"count":3,"href":"https:\/\/shop.nano.ba\/index.php\/wp-json\/wp\/v2\/product\/50690\/revisions"}],"predecessor-version":[{"id":88396,"href":"https:\/\/shop.nano.ba\/index.php\/wp-json\/wp\/v2\/product\/50690\/revisions\/88396"}],"wp:featuredmedia":[{"embeddable":true,"href":"https:\/\/shop.nano.ba\/index.php\/wp-json\/wp\/v2\/media\/88393"}],"wp:attachment":[{"href":"https:\/\/shop.nano.ba\/index.php\/wp-json\/wp\/v2\/media?parent=50690"}],"wp:term":[{"taxonomy":"product_brand","embeddable":true,"href":"https:\/\/shop.nano.ba\/index.php\/wp-json\/wp\/v2\/product_brand?post=50690"},{"taxonomy":"product_cat","embeddable":true,"href":"https:\/\/shop.nano.ba\/index.php\/wp-json\/wp\/v2\/product_cat?post=50690"},{"taxonomy":"product_tag","embeddable":true,"href":"https:\/\/shop.nano.ba\/index.php\/wp-json\/wp\/v2\/product_tag?post=50690"}],"curies":[{"name":"wp","href":"https:\/\/api.w.org\/{rel}","templated":true}]}}