{"id":50711,"date":"2023-07-04T12:08:37","date_gmt":"2023-07-04T12:08:37","guid":{"rendered":"https:\/\/shop.nano.ba\/?post_type=product&#038;p=50711"},"modified":"2025-12-23T06:10:58","modified_gmt":"2025-12-23T06:10:58","slug":"odvijac-keramicka-solja","status":"publish","type":"product","link":"https:\/\/shop.nano.ba\/index.php\/proizvod\/odvijac-keramicka-solja\/","title":{"rendered":"Odvija\u010d &#8211; Kerami\u010dka \u0161olja"},"content":{"rendered":"","protected":false},"excerpt":{"rendered":"","protected":false},"featured_media":122391,"template":"","meta":[],"product_brand":[],"product_cat":[63],"product_tag":[],"class_list":{"0":"post-50711","1":"product","2":"type-product","3":"status-publish","4":"has-post-thumbnail","6":"product_cat-keramicke-solje","8":"first","9":"instock","10":"shipping-taxable","11":"purchasable","12":"product-type-simple"},"_links":{"self":[{"href":"https:\/\/shop.nano.ba\/index.php\/wp-json\/wp\/v2\/product\/50711","targetHints":{"allow":["GET"]}}],"collection":[{"href":"https:\/\/shop.nano.ba\/index.php\/wp-json\/wp\/v2\/product"}],"about":[{"href":"https:\/\/shop.nano.ba\/index.php\/wp-json\/wp\/v2\/types\/product"}],"version-history":[{"count":1,"href":"https:\/\/shop.nano.ba\/index.php\/wp-json\/wp\/v2\/product\/50711\/revisions"}],"predecessor-version":[{"id":50712,"href":"https:\/\/shop.nano.ba\/index.php\/wp-json\/wp\/v2\/product\/50711\/revisions\/50712"}],"wp:featuredmedia":[{"embeddable":true,"href":"https:\/\/shop.nano.ba\/index.php\/wp-json\/wp\/v2\/media\/122391"}],"wp:attachment":[{"href":"https:\/\/shop.nano.ba\/index.php\/wp-json\/wp\/v2\/media?parent=50711"}],"wp:term":[{"taxonomy":"product_brand","embeddable":true,"href":"https:\/\/shop.nano.ba\/index.php\/wp-json\/wp\/v2\/product_brand?post=50711"},{"taxonomy":"product_cat","embeddable":true,"href":"https:\/\/shop.nano.ba\/index.php\/wp-json\/wp\/v2\/product_cat?post=50711"},{"taxonomy":"product_tag","embeddable":true,"href":"https:\/\/shop.nano.ba\/index.php\/wp-json\/wp\/v2\/product_tag?post=50711"}],"curies":[{"name":"wp","href":"https:\/\/api.w.org\/{rel}","templated":true}]}}