{"id":50768,"date":"2023-07-05T06:06:35","date_gmt":"2023-07-05T06:06:35","guid":{"rendered":"https:\/\/shop.nano.ba\/?post_type=product&#038;p=50768"},"modified":"2025-10-05T11:41:11","modified_gmt":"2025-10-05T11:41:11","slug":"djeciji-tepih-plavi-mickey","status":"publish","type":"product","link":"https:\/\/shop.nano.ba\/index.php\/proizvod\/djeciji-tepih-plavi-mickey\/","title":{"rendered":"Dje\u010diji tepih &#8211; Plavi Mickey"},"content":{"rendered":"<div class=\"xdj266r x11i5rnm xat24cr x1mh8g0r x1vvkbs x126k92a\">\n<div dir=\"auto\"><\/div>\n<div dir=\"auto\">Personalizirano i prema Va\u0161im \u017eeljama <span class=\"x3nfvp2 x1j61x8r x1fcty0u xdj266r xhhsvwb xat24cr xgzva0m xxymvpz xlup9mm x1kky2od\"><img loading=\"lazy\" decoding=\"async\" src=\"https:\/\/static.xx.fbcdn.net\/images\/emoji.php\/v9\/tb4\/1\/16\/2b50.png\" alt=\"\u2b50\" width=\"16\" height=\"16\" \/><\/span><\/div>\n<div dir=\"auto\">Ime\/natpis po \u017eelji <span class=\"x3nfvp2 x1j61x8r x1fcty0u xdj266r xhhsvwb xat24cr xgzva0m xxymvpz xlup9mm x1kky2od\"><img loading=\"lazy\" decoding=\"async\" src=\"https:\/\/static.xx.fbcdn.net\/images\/emoji.php\/v9\/tf0\/1\/16\/1f338.png\" alt=\"\ud83c\udf38\" width=\"16\" height=\"16\" \/><\/span><\/div>\n<\/div>\n<div class=\"x11i5rnm xat24cr x1mh8g0r x1vvkbs xtlvy1s x126k92a\">\n<div dir=\"auto\">\u0160aljemo brzom po\u0161tom na adresu, pla\u0107anje je prilikom preuzimanja, a paket mo\u017eete pregledati <span class=\"x3nfvp2 x1j61x8r x1fcty0u xdj266r xhhsvwb xat24cr xgzva0m xxymvpz xlup9mm x1kky2od\"><img loading=\"lazy\" decoding=\"async\" src=\"https:\/\/static.xx.fbcdn.net\/images\/emoji.php\/v9\/t84\/1\/16\/1f381.png\" alt=\"\ud83c\udf81\" width=\"16\" height=\"16\" \/><\/span><\/div>\n<\/div>\n","protected":false},"excerpt":{"rendered":"<p>Personalizirano i prema Va\u0161im \u017eeljama Ime\/natpis po \u017eelji \u0160aljemo brzom po\u0161tom na adresu, pla\u0107anje je prilikom preuzimanja, a paket mo\u017eete<\/p>\n","protected":false},"featured_media":116166,"template":"","meta":[],"product_brand":[],"product_cat":[317,611],"product_tag":[],"class_list":{"0":"post-50768","1":"product","2":"type-product","3":"status-publish","4":"has-post-thumbnail","6":"product_cat-baby-oprema","7":"product_cat-djeciji-tepisi","9":"first","10":"instock","11":"shipping-taxable","12":"purchasable","13":"product-type-simple"},"_links":{"self":[{"href":"https:\/\/shop.nano.ba\/index.php\/wp-json\/wp\/v2\/product\/50768","targetHints":{"allow":["GET"]}}],"collection":[{"href":"https:\/\/shop.nano.ba\/index.php\/wp-json\/wp\/v2\/product"}],"about":[{"href":"https:\/\/shop.nano.ba\/index.php\/wp-json\/wp\/v2\/types\/product"}],"version-history":[{"count":3,"href":"https:\/\/shop.nano.ba\/index.php\/wp-json\/wp\/v2\/product\/50768\/revisions"}],"predecessor-version":[{"id":116167,"href":"https:\/\/shop.nano.ba\/index.php\/wp-json\/wp\/v2\/product\/50768\/revisions\/116167"}],"wp:featuredmedia":[{"embeddable":true,"href":"https:\/\/shop.nano.ba\/index.php\/wp-json\/wp\/v2\/media\/116166"}],"wp:attachment":[{"href":"https:\/\/shop.nano.ba\/index.php\/wp-json\/wp\/v2\/media?parent=50768"}],"wp:term":[{"taxonomy":"product_brand","embeddable":true,"href":"https:\/\/shop.nano.ba\/index.php\/wp-json\/wp\/v2\/product_brand?post=50768"},{"taxonomy":"product_cat","embeddable":true,"href":"https:\/\/shop.nano.ba\/index.php\/wp-json\/wp\/v2\/product_cat?post=50768"},{"taxonomy":"product_tag","embeddable":true,"href":"https:\/\/shop.nano.ba\/index.php\/wp-json\/wp\/v2\/product_tag?post=50768"}],"curies":[{"name":"wp","href":"https:\/\/api.w.org\/{rel}","templated":true}]}}