{"id":50814,"date":"2023-07-05T06:58:19","date_gmt":"2023-07-05T06:58:19","guid":{"rendered":"https:\/\/shop.nano.ba\/?post_type=product&#038;p=50814"},"modified":"2023-11-17T11:19:21","modified_gmt":"2023-11-17T11:19:21","slug":"jastuk-za-fiksiranje-bebe-bordo-srca","status":"publish","type":"product","link":"https:\/\/shop.nano.ba\/index.php\/proizvod\/jastuk-za-fiksiranje-bebe-bordo-srca\/","title":{"rendered":"Jastuk za fiksiranje bebe &#8211; Bordo srca"},"content":{"rendered":"<div dir=\"auto\">Jastuk za fiksiranje\/pozicioniranje bebe prilikom le\u017eanja. <span class=\"x3nfvp2 x1j61x8r x1fcty0u xdj266r xhhsvwb xat24cr xgzva0m xxymvpz xlup9mm x1kky2od\"><img loading=\"lazy\" decoding=\"async\" src=\"https:\/\/static.xx.fbcdn.net\/images\/emoji.php\/v9\/tf0\/1\/16\/1f338.png\" alt=\"\ud83c\udf38\" width=\"16\" height=\"16\" \/><\/span><\/div>\n<div dir=\"auto\">Cijena 18KM. <span class=\"x3nfvp2 x1j61x8r x1fcty0u xdj266r xhhsvwb xat24cr xgzva0m xxymvpz xlup9mm x1kky2od\"><img loading=\"lazy\" decoding=\"async\" src=\"https:\/\/static.xx.fbcdn.net\/images\/emoji.php\/v9\/t50\/1\/16\/1f525.png\" alt=\"\ud83d\udd25\" width=\"16\" height=\"16\" \/><\/span><\/div>\n<div dir=\"auto\">I ve\u0107i i manji valjak su pri\u010dvr\u0161\u0107eni za podlogu \u010di\u010dak trakom, a oba valjka su podesiva.<\/div>\n<div dir=\"auto\">Odli\u010dno slu\u017ei bebama za spavanje na bo\u010dnoj strani, a mali valjak ujedno i grije stoma\u010di\u0107 i tako smanjuje gr\u010deve. <span class=\"x3nfvp2 x1j61x8r x1fcty0u xdj266r xhhsvwb xat24cr xgzva0m xxymvpz xlup9mm x1kky2od\"><img loading=\"lazy\" decoding=\"async\" src=\"https:\/\/static.xx.fbcdn.net\/images\/emoji.php\/v9\/tee\/1\/16\/2601.png\" alt=\"\u2601\ufe0f\" width=\"16\" height=\"16\" \/><\/span><span class=\"x3nfvp2 x1j61x8r x1fcty0u xdj266r xhhsvwb xat24cr xgzva0m xxymvpz xlup9mm x1kky2od\"><img loading=\"lazy\" decoding=\"async\" src=\"https:\/\/static.xx.fbcdn.net\/images\/emoji.php\/v9\/tce\/1\/16\/1f469_200d_1f467_200d_1f466.png\" alt=\"\ud83d\udc69\u200d\ud83d\udc67\u200d\ud83d\udc66\" width=\"16\" height=\"16\" \/><\/span><\/div>\n<div dir=\"auto\">Mo\u017eete nas posjetiti u na\u0161oj radnji koja se nalazi na magistralnom putu Cerik-Br\u010dko.<\/div>\n<div dir=\"auto\">Radno vrijeme je:<\/div>\n<div dir=\"auto\">Utorak &#8211; Nedjelja od 08:00 do 16:00h.<\/div>\n<div dir=\"auto\"><span class=\"x3nfvp2 x1j61x8r x1fcty0u xdj266r xhhsvwb xat24cr xgzva0m xxymvpz xlup9mm x1kky2od\"><img loading=\"lazy\" decoding=\"async\" src=\"https:\/\/static.xx.fbcdn.net\/images\/emoji.php\/v9\/t40\/1\/16\/1f4a5.png\" alt=\"\ud83d\udca5\" width=\"16\" height=\"16\" \/><\/span>\u0160aljemo brzom po\u0161tom na adresu \u0161irom BiH, pla\u0107anje prilikom preuzmanja, paket se moze pregledat.<span class=\"x3nfvp2 x1j61x8r x1fcty0u xdj266r xhhsvwb xat24cr xgzva0m xxymvpz xlup9mm x1kky2od\"><img loading=\"lazy\" decoding=\"async\" src=\"https:\/\/static.xx.fbcdn.net\/images\/emoji.php\/v9\/t3d\/1\/16\/1f4e6.png\" alt=\"\ud83d\udce6\" width=\"16\" height=\"16\" \/><\/span><span class=\"x3nfvp2 x1j61x8r x1fcty0u xdj266r xhhsvwb xat24cr xgzva0m xxymvpz xlup9mm x1kky2od\"><img loading=\"lazy\" decoding=\"async\" src=\"https:\/\/static.xx.fbcdn.net\/images\/emoji.php\/v9\/t40\/1\/16\/1f4a5.png\" alt=\"\ud83d\udca5\" width=\"16\" height=\"16\" \/><\/span><\/div>\n","protected":false},"excerpt":{"rendered":"<p>Jastuk za fiksiranje\/pozicioniranje bebe prilikom le\u017eanja. Cijena 18KM. I ve\u0107i i manji valjak su pri\u010dvr\u0161\u0107eni za podlogu \u010di\u010dak trakom, a<\/p>\n","protected":false},"featured_media":50815,"template":"","meta":[],"product_brand":[],"product_cat":[317,613],"product_tag":[],"class_list":{"0":"post-50814","1":"product","2":"type-product","3":"status-publish","4":"has-post-thumbnail","6":"product_cat-baby-oprema","7":"product_cat-jastuk-za-fiksiranje-pozicioniranje-bebe","9":"first","10":"instock","11":"shipping-taxable","12":"purchasable","13":"product-type-simple"},"_links":{"self":[{"href":"https:\/\/shop.nano.ba\/index.php\/wp-json\/wp\/v2\/product\/50814","targetHints":{"allow":["GET"]}}],"collection":[{"href":"https:\/\/shop.nano.ba\/index.php\/wp-json\/wp\/v2\/product"}],"about":[{"href":"https:\/\/shop.nano.ba\/index.php\/wp-json\/wp\/v2\/types\/product"}],"version-history":[{"count":1,"href":"https:\/\/shop.nano.ba\/index.php\/wp-json\/wp\/v2\/product\/50814\/revisions"}],"predecessor-version":[{"id":50816,"href":"https:\/\/shop.nano.ba\/index.php\/wp-json\/wp\/v2\/product\/50814\/revisions\/50816"}],"wp:featuredmedia":[{"embeddable":true,"href":"https:\/\/shop.nano.ba\/index.php\/wp-json\/wp\/v2\/media\/50815"}],"wp:attachment":[{"href":"https:\/\/shop.nano.ba\/index.php\/wp-json\/wp\/v2\/media?parent=50814"}],"wp:term":[{"taxonomy":"product_brand","embeddable":true,"href":"https:\/\/shop.nano.ba\/index.php\/wp-json\/wp\/v2\/product_brand?post=50814"},{"taxonomy":"product_cat","embeddable":true,"href":"https:\/\/shop.nano.ba\/index.php\/wp-json\/wp\/v2\/product_cat?post=50814"},{"taxonomy":"product_tag","embeddable":true,"href":"https:\/\/shop.nano.ba\/index.php\/wp-json\/wp\/v2\/product_tag?post=50814"}],"curies":[{"name":"wp","href":"https:\/\/api.w.org\/{rel}","templated":true}]}}