{"id":50894,"date":"2023-07-05T10:29:01","date_gmt":"2023-07-05T10:29:01","guid":{"rendered":"https:\/\/shop.nano.ba\/?post_type=product&#038;p=50894"},"modified":"2023-09-16T05:48:53","modified_gmt":"2023-09-16T05:48:53","slug":"baldahin-za-krevetic-plavi-s-plavom-masnom","status":"publish","type":"product","link":"https:\/\/shop.nano.ba\/index.php\/proizvod\/baldahin-za-krevetic-plavi-s-plavom-masnom\/","title":{"rendered":"Baldahin za kreveti\u0107 &#8211; Plavi s plavom ma\u0161nom"},"content":{"rendered":"<div dir=\"auto\">Baldahin za krevetic <span class=\"x3nfvp2 x1j61x8r x1fcty0u xdj266r xhhsvwb xat24cr xgzva0m xxymvpz xlup9mm x1kky2od\"><img loading=\"lazy\" decoding=\"async\" src=\"https:\/\/static.xx.fbcdn.net\/images\/emoji.php\/v9\/tf0\/1\/16\/1f338.png\" alt=\"\ud83c\udf38\" width=\"16\" height=\"16\" \/><\/span><span class=\"x3nfvp2 x1j61x8r x1fcty0u xdj266r xhhsvwb xat24cr xgzva0m xxymvpz xlup9mm x1kky2od\"><img loading=\"lazy\" decoding=\"async\" src=\"https:\/\/static.xx.fbcdn.net\/images\/emoji.php\/v9\/t50\/1\/16\/1f525.png\" alt=\"\ud83d\udd25\" width=\"16\" height=\"16\" \/><\/span><\/div>\n<div dir=\"auto\">Samo jedan detalj je dovoljan da dje\u010diju sobu pretvori u \u010darobno mjesto i u\u010dini spavanje prijatnijim. Ako \u017eelite da va\u0161e dijete ima sobu kao iz ma\u0161te, baldahin je detalj koji \u0107e vam u tome pomo\u0107i.<\/div>\n<div dir=\"auto\">Tkanina baldahina je blago prozirna i odaje utisak rasko\u0161nosti i elegancije.<span class=\"x3nfvp2 x1j61x8r x1fcty0u xdj266r xhhsvwb xat24cr xgzva0m xxymvpz xlup9mm x1kky2od\"><img loading=\"lazy\" decoding=\"async\" src=\"https:\/\/static.xx.fbcdn.net\/images\/emoji.php\/v9\/tf0\/1\/16\/1f338.png\" alt=\"\ud83c\udf38\" width=\"16\" height=\"16\" \/><\/span><span class=\"x3nfvp2 x1j61x8r x1fcty0u xdj266r xhhsvwb xat24cr xgzva0m xxymvpz xlup9mm x1kky2od\"><img loading=\"lazy\" decoding=\"async\" src=\"https:\/\/static.xx.fbcdn.net\/images\/emoji.php\/v9\/t50\/1\/16\/1f525.png\" alt=\"\ud83d\udd25\" width=\"16\" height=\"16\" \/><\/span><\/div>\n<div dir=\"auto\">Baldahin dolazi sa nosa\u010dem, cijena je 55KM.<\/div>\n<div dir=\"auto\">Boja i modeli po \u017eelji.<span class=\"x3nfvp2 x1j61x8r x1fcty0u xdj266r xhhsvwb xat24cr xgzva0m xxymvpz xlup9mm x1kky2od\"><img loading=\"lazy\" decoding=\"async\" src=\"https:\/\/static.xx.fbcdn.net\/images\/emoji.php\/v9\/tf0\/1\/16\/1f338.png\" alt=\"\ud83c\udf38\" width=\"16\" height=\"16\" \/><\/span><span class=\"x3nfvp2 x1j61x8r x1fcty0u xdj266r xhhsvwb xat24cr xgzva0m xxymvpz xlup9mm x1kky2od\"><img loading=\"lazy\" decoding=\"async\" src=\"https:\/\/static.xx.fbcdn.net\/images\/emoji.php\/v9\/t50\/1\/16\/1f525.png\" alt=\"\ud83d\udd25\" width=\"16\" height=\"16\" \/><\/span><\/div>\n<div dir=\"auto\">Mo\u017eete nas posjetiti u na\u0161oj radnji koja se nalazi na Cerik-Br\u010dko magistralni put Tuzla &#8211; Ora\u0161je.<\/div>\n<div dir=\"auto\">Radno vrijeme je:<\/div>\n<div dir=\"auto\">Utorak &#8211; Nedjelja od 08:00 do 16:00h.<\/div>\n<div dir=\"auto\"><span class=\"x3nfvp2 x1j61x8r x1fcty0u xdj266r xhhsvwb xat24cr xgzva0m xxymvpz xlup9mm x1kky2od\"><img loading=\"lazy\" decoding=\"async\" src=\"https:\/\/static.xx.fbcdn.net\/images\/emoji.php\/v9\/t40\/1\/16\/1f4a5.png\" alt=\"\ud83d\udca5\" width=\"16\" height=\"16\" \/><\/span>\u0160aljemo brzom po\u0161tom na adresu \u0161irom BiH, pla\u0107anje prilikom preuzmanja, paket se mo\u017ee pregledati. <span class=\"x3nfvp2 x1j61x8r x1fcty0u xdj266r xhhsvwb xat24cr xgzva0m xxymvpz xlup9mm x1kky2od\"><img loading=\"lazy\" decoding=\"async\" src=\"https:\/\/static.xx.fbcdn.net\/images\/emoji.php\/v9\/t3d\/1\/16\/1f4e6.png\" alt=\"\ud83d\udce6\" width=\"16\" height=\"16\" \/><\/span><span class=\"x3nfvp2 x1j61x8r x1fcty0u xdj266r xhhsvwb xat24cr xgzva0m xxymvpz xlup9mm x1kky2od\"><img loading=\"lazy\" decoding=\"async\" src=\"https:\/\/static.xx.fbcdn.net\/images\/emoji.php\/v9\/t40\/1\/16\/1f4a5.png\" alt=\"\ud83d\udca5\" width=\"16\" height=\"16\" \/><\/span><\/div>\n","protected":false},"excerpt":{"rendered":"<p>Baldahin za krevetic Samo jedan detalj je dovoljan da dje\u010diju sobu pretvori u \u010darobno mjesto i u\u010dini spavanje prijatnijim. Ako<\/p>\n","protected":false},"featured_media":50899,"template":"","meta":[],"product_brand":[],"product_cat":[317,516],"product_tag":[],"class_list":{"0":"post-50894","1":"product","2":"type-product","3":"status-publish","4":"has-post-thumbnail","6":"product_cat-baby-oprema","7":"product_cat-baldahini","9":"first","10":"instock","11":"shipping-taxable","12":"purchasable","13":"product-type-simple"},"_links":{"self":[{"href":"https:\/\/shop.nano.ba\/index.php\/wp-json\/wp\/v2\/product\/50894","targetHints":{"allow":["GET"]}}],"collection":[{"href":"https:\/\/shop.nano.ba\/index.php\/wp-json\/wp\/v2\/product"}],"about":[{"href":"https:\/\/shop.nano.ba\/index.php\/wp-json\/wp\/v2\/types\/product"}],"version-history":[{"count":2,"href":"https:\/\/shop.nano.ba\/index.php\/wp-json\/wp\/v2\/product\/50894\/revisions"}],"predecessor-version":[{"id":50901,"href":"https:\/\/shop.nano.ba\/index.php\/wp-json\/wp\/v2\/product\/50894\/revisions\/50901"}],"wp:featuredmedia":[{"embeddable":true,"href":"https:\/\/shop.nano.ba\/index.php\/wp-json\/wp\/v2\/media\/50899"}],"wp:attachment":[{"href":"https:\/\/shop.nano.ba\/index.php\/wp-json\/wp\/v2\/media?parent=50894"}],"wp:term":[{"taxonomy":"product_brand","embeddable":true,"href":"https:\/\/shop.nano.ba\/index.php\/wp-json\/wp\/v2\/product_brand?post=50894"},{"taxonomy":"product_cat","embeddable":true,"href":"https:\/\/shop.nano.ba\/index.php\/wp-json\/wp\/v2\/product_cat?post=50894"},{"taxonomy":"product_tag","embeddable":true,"href":"https:\/\/shop.nano.ba\/index.php\/wp-json\/wp\/v2\/product_tag?post=50894"}],"curies":[{"name":"wp","href":"https:\/\/api.w.org\/{rel}","templated":true}]}}