{"id":51634,"date":"2023-07-18T08:50:40","date_gmt":"2023-07-18T08:50:40","guid":{"rendered":"https:\/\/shop.nano.ba\/?post_type=product&#038;p=51634"},"modified":"2026-03-05T09:46:35","modified_gmt":"2026-03-05T09:46:35","slug":"teh-masina-za-zavarivanje-twg400-mig-mag-mma160","status":"publish","type":"product","link":"https:\/\/shop.nano.ba\/index.php\/proizvod\/teh-masina-za-zavarivanje-twg400-mig-mag-mma160\/","title":{"rendered":"TEH Aparat za zavarivanje &#8211; TWG400\/MIG\/MAG\/MMA160"},"content":{"rendered":"<p>Napon napajanja AC160V-270V<br \/>\nFrekvencija 50\/60Hz<br \/>\nNazivna ulazna struja 26.2A<br \/>\nNapon praznog hoda 35-50V<br \/>\nIzlazna struja 20-160A<br \/>\nNazivni izlazni napon 15.6-22V<br \/>\nRadni ciklus 60%<br \/>\nGubitak bez optere\u0107enja 40W<br \/>\nEfikasnost 80%<br \/>\nFaktor snage 0,8<br \/>\nStepen izolacije F<br \/>\nStepen za\u0161tite ku\u0107i\u0161ta IP21<br \/>\nZavariva elektroda MMA: 1,6-4,0<br \/>\n0,8-1,0<\/p>\n","protected":false},"excerpt":{"rendered":"<p>Napon napajanja AC160V-270V Frekvencija 50\/60Hz Nazivna ulazna struja 26.2A Napon praznog hoda 35-50V Izlazna struja 20-160A Nazivni izlazni napon 15.6-22V<\/p>\n","protected":false},"featured_media":51635,"template":"","meta":[],"product_brand":[],"product_cat":[337,679],"product_tag":[],"class_list":{"0":"post-51634","1":"product","2":"type-product","3":"status-publish","4":"has-post-thumbnail","6":"product_cat-alati","7":"product_cat-aparati-za-zavarivanje-alati","9":"first","10":"instock","11":"shipping-taxable","12":"purchasable","13":"product-type-simple"},"_links":{"self":[{"href":"https:\/\/shop.nano.ba\/index.php\/wp-json\/wp\/v2\/product\/51634","targetHints":{"allow":["GET"]}}],"collection":[{"href":"https:\/\/shop.nano.ba\/index.php\/wp-json\/wp\/v2\/product"}],"about":[{"href":"https:\/\/shop.nano.ba\/index.php\/wp-json\/wp\/v2\/types\/product"}],"version-history":[{"count":2,"href":"https:\/\/shop.nano.ba\/index.php\/wp-json\/wp\/v2\/product\/51634\/revisions"}],"predecessor-version":[{"id":52859,"href":"https:\/\/shop.nano.ba\/index.php\/wp-json\/wp\/v2\/product\/51634\/revisions\/52859"}],"wp:featuredmedia":[{"embeddable":true,"href":"https:\/\/shop.nano.ba\/index.php\/wp-json\/wp\/v2\/media\/51635"}],"wp:attachment":[{"href":"https:\/\/shop.nano.ba\/index.php\/wp-json\/wp\/v2\/media?parent=51634"}],"wp:term":[{"taxonomy":"product_brand","embeddable":true,"href":"https:\/\/shop.nano.ba\/index.php\/wp-json\/wp\/v2\/product_brand?post=51634"},{"taxonomy":"product_cat","embeddable":true,"href":"https:\/\/shop.nano.ba\/index.php\/wp-json\/wp\/v2\/product_cat?post=51634"},{"taxonomy":"product_tag","embeddable":true,"href":"https:\/\/shop.nano.ba\/index.php\/wp-json\/wp\/v2\/product_tag?post=51634"}],"curies":[{"name":"wp","href":"https:\/\/api.w.org\/{rel}","templated":true}]}}