{"id":5548,"date":"2020-03-18T11:06:31","date_gmt":"2020-03-18T11:06:31","guid":{"rendered":"https:\/\/shop.nano.ba\/?post_type=product&#038;p=5548"},"modified":"2026-02-25T09:10:53","modified_gmt":"2026-02-25T09:10:53","slug":"green-sky-djecija-kolica","status":"publish","type":"product","link":"https:\/\/shop.nano.ba\/index.php\/proizvod\/green-sky-djecija-kolica\/","title":{"rendered":"Greensky dje\u010dija kolica 3u1"},"content":{"rendered":"<div class=\"x11i5rnm xat24cr x1mh8g0r x1vvkbs xdj266r x126k92a\">\n<div dir=\"auto\">Greensky kolica<\/div>\n<\/div>\n<div class=\"x11i5rnm xat24cr x1mh8g0r x1vvkbs xtlvy1s x126k92a\">\n<div dir=\"auto\">Funkcionalnost de\u010dijih kolica raste sa djetetom.<\/div>\n<div dir=\"auto\">Sportska sjedalica se mo\u017ee pode\u0161avati u dva polo\u017eaja, le\u017ee\u0107i i sjede\u0107i.<\/div>\n<div dir=\"auto\">Sjedalicu sa bebom mo\u017eete veoma jednostavno skinuti sa rama i premjestiti na drugo mjesto.<\/div>\n<div dir=\"auto\">Kvalitetni amortizeri na gumenim to\u010dkovima garantuju najudobniju vo\u017enju za va\u0161e dijete!<\/div>\n<div dir=\"auto\">I sportski dio i autosjedalica se mogu montirati na ram kolica u oba smjera.<\/div>\n<div dir=\"auto\"><\/div>\n<\/div>\n<div class=\"x11i5rnm xat24cr x1mh8g0r x1vvkbs xtlvy1s x126k92a\">\n<div dir=\"auto\">Ovaj prakti\u010dni SET 3U1 DJE\u010cIJIH KOLICA UKLJU\u010cUJE:<\/div>\n<div dir=\"auto\">&#8211; Kvalitetna kolica za bebe<\/div>\n<div dir=\"auto\">&#8211; Autosjedalica za djecu do 13 kg<\/div>\n<div dir=\"auto\">&#8211; Sportska sjedalica za djecu do 15kg<\/div>\n<div dir=\"auto\">&#8211; Za\u0161tita od ki\u0161e i hladno\u0107e za kolica<\/div>\n<div dir=\"auto\">&#8211; Za\u0161tita od ki\u0161e i hladno\u0107e za autosjedalicu<\/div>\n<div dir=\"auto\">&#8211; Za\u0161titna mre\u017eica protiv komaraca<\/div>\n<div dir=\"auto\">&#8211; Prostor za odlaganje bebinih stvari, dr\u017ea\u010d za \u010da\u0161e.<\/div>\n<div dir=\"auto\">Dostupna u crnoj, sivoj i sivo-roze.<\/div>\n<\/div>\n","protected":false},"excerpt":{"rendered":"<p>Greensky kolica Funkcionalnost de\u010dijih kolica raste sa djetetom. Sportska sjedalica se mo\u017ee pode\u0161avati u dva polo\u017eaja, le\u017ee\u0107i i sjede\u0107i. Sjedalicu<\/p>\n","protected":false},"featured_media":72549,"template":"","meta":[],"product_brand":[],"product_cat":[317,388],"product_tag":[],"class_list":{"0":"post-5548","1":"product","2":"type-product","3":"status-publish","4":"has-post-thumbnail","6":"product_cat-baby-oprema","7":"product_cat-nermus","9":"first","10":"instock","11":"shipping-taxable","12":"purchasable","13":"product-type-variable"},"_links":{"self":[{"href":"https:\/\/shop.nano.ba\/index.php\/wp-json\/wp\/v2\/product\/5548","targetHints":{"allow":["GET"]}}],"collection":[{"href":"https:\/\/shop.nano.ba\/index.php\/wp-json\/wp\/v2\/product"}],"about":[{"href":"https:\/\/shop.nano.ba\/index.php\/wp-json\/wp\/v2\/types\/product"}],"version-history":[{"count":2,"href":"https:\/\/shop.nano.ba\/index.php\/wp-json\/wp\/v2\/product\/5548\/revisions"}],"predecessor-version":[{"id":39314,"href":"https:\/\/shop.nano.ba\/index.php\/wp-json\/wp\/v2\/product\/5548\/revisions\/39314"}],"wp:featuredmedia":[{"embeddable":true,"href":"https:\/\/shop.nano.ba\/index.php\/wp-json\/wp\/v2\/media\/72549"}],"wp:attachment":[{"href":"https:\/\/shop.nano.ba\/index.php\/wp-json\/wp\/v2\/media?parent=5548"}],"wp:term":[{"taxonomy":"product_brand","embeddable":true,"href":"https:\/\/shop.nano.ba\/index.php\/wp-json\/wp\/v2\/product_brand?post=5548"},{"taxonomy":"product_cat","embeddable":true,"href":"https:\/\/shop.nano.ba\/index.php\/wp-json\/wp\/v2\/product_cat?post=5548"},{"taxonomy":"product_tag","embeddable":true,"href":"https:\/\/shop.nano.ba\/index.php\/wp-json\/wp\/v2\/product_tag?post=5548"}],"curies":[{"name":"wp","href":"https:\/\/api.w.org\/{rel}","templated":true}]}}