{"id":5572,"date":"2020-03-19T15:37:01","date_gmt":"2020-03-19T15:37:01","guid":{"rendered":"https:\/\/shop.nano.ba\/?post_type=product&#038;p=5572"},"modified":"2023-06-30T11:41:55","modified_gmt":"2023-06-30T11:41:55","slug":"ogradica-pletenica","status":"publish","type":"product","link":"https:\/\/shop.nano.ba\/index.php\/proizvod\/ogradica-pletenica\/","title":{"rendered":"Set Braid \u017duto Sivi  &#8211; Pletenica sa 4 strane, plahta, jastuk, jorgan i dva ukrasna jastuka \u2013 120x60cm"},"content":{"rendered":"<p>Komplet pletenica za cijeli krevetac (360cm), plahta, jorgan, jastuk i dva ukrasna jastuka.<\/p>\n<p>Set odgovara kreveti\u0107u dimenzija 120x60cm.<\/p>\n<p>Materijal: 100% organski pamuk ranforce.<\/p>\n<p>Odr\u017eavanje:<\/p>\n<ul>\n<li>Ru\u010dno pranje ogradice.<\/li>\n<li>Ma\u0161insko pranje na 30\u00b0 ostalih dijelova.<\/li>\n<li>Su\u0161enje na vjetru.<\/li>\n<li>Dozvoljeno peglanje.<\/li>\n<\/ul>\n<p>Promjena pri pranju na 30\u00b0C: po du\u017eini -1,2%, po \u0161irini -0,5% pH vodenog ekstrakta 8,6%<br \/>\nProizvo\u0111a\u010d: Nano DOO, Cerik, Br\u010dko<\/p>\n","protected":false},"excerpt":{"rendered":"<p>Komplet pletenica za cijeli krevetac (360cm), plahta, jorgan, jastuk i dva ukrasna jastuka. Set odgovara kreveti\u0107u dimenzija 120x60cm. Materijal: 100%<\/p>\n","protected":false},"featured_media":31661,"template":"","meta":[],"product_brand":[],"product_cat":[317],"product_tag":[],"class_list":{"0":"post-5572","1":"product","2":"type-product","3":"status-publish","4":"has-post-thumbnail","6":"product_cat-baby-oprema","8":"first","9":"instock","10":"shipping-taxable","11":"purchasable","12":"product-type-simple"},"_links":{"self":[{"href":"https:\/\/shop.nano.ba\/index.php\/wp-json\/wp\/v2\/product\/5572","targetHints":{"allow":["GET"]}}],"collection":[{"href":"https:\/\/shop.nano.ba\/index.php\/wp-json\/wp\/v2\/product"}],"about":[{"href":"https:\/\/shop.nano.ba\/index.php\/wp-json\/wp\/v2\/types\/product"}],"version-history":[{"count":1,"href":"https:\/\/shop.nano.ba\/index.php\/wp-json\/wp\/v2\/product\/5572\/revisions"}],"predecessor-version":[{"id":50086,"href":"https:\/\/shop.nano.ba\/index.php\/wp-json\/wp\/v2\/product\/5572\/revisions\/50086"}],"wp:featuredmedia":[{"embeddable":true,"href":"https:\/\/shop.nano.ba\/index.php\/wp-json\/wp\/v2\/media\/31661"}],"wp:attachment":[{"href":"https:\/\/shop.nano.ba\/index.php\/wp-json\/wp\/v2\/media?parent=5572"}],"wp:term":[{"taxonomy":"product_brand","embeddable":true,"href":"https:\/\/shop.nano.ba\/index.php\/wp-json\/wp\/v2\/product_brand?post=5572"},{"taxonomy":"product_cat","embeddable":true,"href":"https:\/\/shop.nano.ba\/index.php\/wp-json\/wp\/v2\/product_cat?post=5572"},{"taxonomy":"product_tag","embeddable":true,"href":"https:\/\/shop.nano.ba\/index.php\/wp-json\/wp\/v2\/product_tag?post=5572"}],"curies":[{"name":"wp","href":"https:\/\/api.w.org\/{rel}","templated":true}]}}