{"id":55940,"date":"2023-10-01T09:22:33","date_gmt":"2023-10-01T09:22:33","guid":{"rendered":"https:\/\/shop.nano.ba\/?post_type=product&#038;p=55940"},"modified":"2023-10-01T09:27:59","modified_gmt":"2023-10-01T09:27:59","slug":"smotuljak-teddy-bijela-puder-roze-sa-bijelim-zvjezdicama","status":"publish","type":"product","link":"https:\/\/shop.nano.ba\/index.php\/proizvod\/smotuljak-teddy-bijela-puder-roze-sa-bijelim-zvjezdicama\/","title":{"rendered":"Smotuljak Teddy Bijela &#8211; Puder roze sa bijelim zvjezdicama"},"content":{"rendered":"<div dir=\"auto\">\n<div class=\"xdj266r x11i5rnm xat24cr x1mh8g0r x1vvkbs x126k92a\">\n<div dir=\"auto\">Novi Nano Baby Teddy vi\u0161enamjenski smotuljci <span class=\"x3nfvp2 x1j61x8r x1fcty0u xdj266r xhhsvwb xat24cr xgzva0m xxymvpz xlup9mm x1kky2od\"><img loading=\"lazy\" decoding=\"async\" src=\"https:\/\/static.xx.fbcdn.net\/images\/emoji.php\/v9\/t23\/1\/16\/1f9f8.png\" alt=\"\ud83e\uddf8\" width=\"16\" height=\"16\" \/><\/span><\/div>\n<\/div>\n<div class=\"x11i5rnm xat24cr x1mh8g0r x1vvkbs xtlvy1s x126k92a\">\n<div dir=\"auto\"><span class=\"x3nfvp2 x1j61x8r x1fcty0u xdj266r xhhsvwb xat24cr xgzva0m xxymvpz xlup9mm x1kky2od\"><img loading=\"lazy\" decoding=\"async\" src=\"https:\/\/static.xx.fbcdn.net\/images\/emoji.php\/v9\/tbb\/1\/16\/1f98b.png\" alt=\"\ud83e\udd8b\" width=\"16\" height=\"16\" \/><\/span>Dvostrani su, mogu se koristiti i s krznom u unutra\u0161njoj strani, a krzno mo\u017ee biti i s vanjske strane.<\/div>\n<\/div>\n<div class=\"x11i5rnm xat24cr x1mh8g0r x1vvkbs xtlvy1s x126k92a\">\n<div dir=\"auto\"><span class=\"x3nfvp2 x1j61x8r x1fcty0u xdj266r xhhsvwb xat24cr xgzva0m xxymvpz xlup9mm x1kky2od\"><img loading=\"lazy\" decoding=\"async\" src=\"https:\/\/static.xx.fbcdn.net\/images\/emoji.php\/v9\/tbb\/1\/16\/1f98b.png\" alt=\"\ud83e\udd8b\" width=\"16\" height=\"16\" \/><\/span>Podstavljen je koflinom za jo\u0161 ve\u0107u udobnost.<\/div>\n<\/div>\n<div class=\"x11i5rnm xat24cr x1mh8g0r x1vvkbs xtlvy1s x126k92a\">\n<div dir=\"auto\"><span class=\"x3nfvp2 x1j61x8r x1fcty0u xdj266r xhhsvwb xat24cr xgzva0m xxymvpz xlup9mm x1kky2od\"><img loading=\"lazy\" decoding=\"async\" src=\"https:\/\/static.xx.fbcdn.net\/images\/emoji.php\/v9\/tbb\/1\/16\/1f98b.png\" alt=\"\ud83e\udd8b\" width=\"16\" height=\"16\" \/><\/span>Mo\u017ee se koristiti kao smotuljak, dekica, podloga za igru ili za izno\u0161enje bebe.<\/div>\n<div dir=\"auto\"><span class=\"x3nfvp2 x1j61x8r x1fcty0u xdj266r xhhsvwb xat24cr xgzva0m xxymvpz xlup9mm x1kky2od\"><img loading=\"lazy\" decoding=\"async\" src=\"https:\/\/static.xx.fbcdn.net\/images\/emoji.php\/v9\/tbb\/1\/16\/1f98b.png\" alt=\"\ud83e\udd8b\" width=\"16\" height=\"16\" \/><\/span>Zbog svog sastava ( 100% organski pamuk\/vafel, Teddy pamuk i punjenje od antialergijskog koflina ) izdr\u017eati \u0107e i najni\u017ee temperature.<\/div>\n<\/div>\n<div class=\"x11i5rnm xat24cr x1mh8g0r x1vvkbs xtlvy1s x126k92a\">\n<div dir=\"auto\">Promo cijena 39KM <span class=\"x3nfvp2 x1j61x8r x1fcty0u xdj266r xhhsvwb xat24cr xgzva0m xxymvpz xlup9mm x1kky2od\"><img loading=\"lazy\" decoding=\"async\" src=\"https:\/\/static.xx.fbcdn.net\/images\/emoji.php\/v9\/t23\/1\/16\/1f9f8.png\" alt=\"\ud83e\uddf8\" width=\"16\" height=\"16\" \/><\/span><\/div>\n<\/div>\n<div class=\"x11i5rnm xat24cr x1mh8g0r x1vvkbs xtlvy1s x126k92a\">\n<div dir=\"auto\">\u0160aljemo brzom po\u0161tom na adresu \u0161irom BiH, pla\u0107anje je prilikom preuzimanja, a paket mo\u017eete pregledati. <span class=\"x3nfvp2 x1j61x8r x1fcty0u xdj266r xhhsvwb xat24cr xgzva0m xxymvpz xlup9mm x1kky2od\"><img loading=\"lazy\" decoding=\"async\" src=\"https:\/\/static.xx.fbcdn.net\/images\/emoji.php\/v9\/t1f\/1\/16\/1f41d.png\" alt=\"\ud83d\udc1d\" width=\"16\" height=\"16\" \/><\/span><\/div>\n<\/div>\n<\/div>\n","protected":false},"excerpt":{"rendered":"<p>Novi Nano Baby Teddy vi\u0161enamjenski smotuljci Dvostrani su, mogu se koristiti i s krznom u unutra\u0161njoj strani, a krzno mo\u017ee<\/p>\n","protected":false},"featured_media":55942,"template":"","meta":[],"product_brand":[],"product_cat":[317,603],"product_tag":[],"class_list":{"0":"post-55940","1":"product","2":"type-product","3":"status-publish","4":"has-post-thumbnail","6":"product_cat-baby-oprema","7":"product_cat-smotuljak","9":"first","10":"instock","11":"shipping-taxable","12":"purchasable","13":"product-type-simple"},"_links":{"self":[{"href":"https:\/\/shop.nano.ba\/index.php\/wp-json\/wp\/v2\/product\/55940","targetHints":{"allow":["GET"]}}],"collection":[{"href":"https:\/\/shop.nano.ba\/index.php\/wp-json\/wp\/v2\/product"}],"about":[{"href":"https:\/\/shop.nano.ba\/index.php\/wp-json\/wp\/v2\/types\/product"}],"version-history":[{"count":1,"href":"https:\/\/shop.nano.ba\/index.php\/wp-json\/wp\/v2\/product\/55940\/revisions"}],"predecessor-version":[{"id":55946,"href":"https:\/\/shop.nano.ba\/index.php\/wp-json\/wp\/v2\/product\/55940\/revisions\/55946"}],"wp:featuredmedia":[{"embeddable":true,"href":"https:\/\/shop.nano.ba\/index.php\/wp-json\/wp\/v2\/media\/55942"}],"wp:attachment":[{"href":"https:\/\/shop.nano.ba\/index.php\/wp-json\/wp\/v2\/media?parent=55940"}],"wp:term":[{"taxonomy":"product_brand","embeddable":true,"href":"https:\/\/shop.nano.ba\/index.php\/wp-json\/wp\/v2\/product_brand?post=55940"},{"taxonomy":"product_cat","embeddable":true,"href":"https:\/\/shop.nano.ba\/index.php\/wp-json\/wp\/v2\/product_cat?post=55940"},{"taxonomy":"product_tag","embeddable":true,"href":"https:\/\/shop.nano.ba\/index.php\/wp-json\/wp\/v2\/product_tag?post=55940"}],"curies":[{"name":"wp","href":"https:\/\/api.w.org\/{rel}","templated":true}]}}