{"id":56140,"date":"2023-10-04T08:42:56","date_gmt":"2023-10-04T08:42:56","guid":{"rendered":"https:\/\/shop.nano.ba\/?post_type=product&#038;p=56140"},"modified":"2026-01-25T09:38:45","modified_gmt":"2026-01-25T09:38:45","slug":"peskir-80x80cm-frotirni-100-organski-pamuk-sivi","status":"publish","type":"product","link":"https:\/\/shop.nano.ba\/index.php\/proizvod\/peskir-80x80cm-frotirni-100-organski-pamuk-sivi\/","title":{"rendered":"Pe\u0161kir sa u\u0161ima frotirni &#8211; Sivi"},"content":{"rendered":"<div dir=\"auto\">\n<p><strong>Pe\u0161kir za kupanje za bebe i djecu<\/strong> se radi od laganog frotira koji se brzo su\u0161i. Pe\u0161kir je savr\u0161en i za kori\u0161tenje na pla\u017ei. Proizvod savr\u0161en za poklon za sve one koji \u017eele da budu jedinstveni i poklone unikatan i personalizovan poklon.<\/p>\n<p><strong>Materijal:<\/strong><\/p>\n<ul>\n<li>100% organski pamuk &#8211; 450 g\/m2<\/li>\n<\/ul>\n<p><strong>Dimenzije:\u00a0<\/strong><\/p>\n<ul>\n<li>75x75cm<\/li>\n<\/ul>\n<p><strong>Odr\u017eavanje:<\/strong><\/p>\n<ul>\n<li>Ma\u0161insko pranje do 40\u00b0<\/li>\n<li>Dozvoljeno su\u0161enje u su\u0161ilici<\/li>\n<li>Nije potrebno peglanje<\/li>\n<\/ul>\n<p>Po \u017eelji radimo i vez imena na kapi. Potrebno je u korpu ubaciti i <strong>Uslugu Ma\u0161inskog Veza,\u00a0<\/strong>i prilikom upisivanja podataka za slanje, u napomenu upisati ime djeteta.<\/p>\n<\/div>\n","protected":false},"excerpt":{"rendered":"<p>Pe\u0161kir za kupanje za bebe i djecu se radi od laganog frotira koji se brzo su\u0161i. Pe\u0161kir je savr\u0161en i<\/p>\n","protected":false},"featured_media":128453,"template":"","meta":[],"product_brand":[],"product_cat":[317,800,593,590,807],"product_tag":[],"class_list":{"0":"post-56140","1":"product","2":"type-product","3":"status-publish","4":"has-post-thumbnail","6":"product_cat-baby-oprema","7":"product_cat-boje-i-dezeni","8":"product_cat-set-za-kupanje","9":"product_cat-peskiri-baby-oprema","10":"product_cat-siva","12":"first","13":"instock","14":"shipping-taxable","15":"purchasable","16":"product-type-simple"},"_links":{"self":[{"href":"https:\/\/shop.nano.ba\/index.php\/wp-json\/wp\/v2\/product\/56140","targetHints":{"allow":["GET"]}}],"collection":[{"href":"https:\/\/shop.nano.ba\/index.php\/wp-json\/wp\/v2\/product"}],"about":[{"href":"https:\/\/shop.nano.ba\/index.php\/wp-json\/wp\/v2\/types\/product"}],"version-history":[{"count":3,"href":"https:\/\/shop.nano.ba\/index.php\/wp-json\/wp\/v2\/product\/56140\/revisions"}],"predecessor-version":[{"id":128455,"href":"https:\/\/shop.nano.ba\/index.php\/wp-json\/wp\/v2\/product\/56140\/revisions\/128455"}],"wp:featuredmedia":[{"embeddable":true,"href":"https:\/\/shop.nano.ba\/index.php\/wp-json\/wp\/v2\/media\/128453"}],"wp:attachment":[{"href":"https:\/\/shop.nano.ba\/index.php\/wp-json\/wp\/v2\/media?parent=56140"}],"wp:term":[{"taxonomy":"product_brand","embeddable":true,"href":"https:\/\/shop.nano.ba\/index.php\/wp-json\/wp\/v2\/product_brand?post=56140"},{"taxonomy":"product_cat","embeddable":true,"href":"https:\/\/shop.nano.ba\/index.php\/wp-json\/wp\/v2\/product_cat?post=56140"},{"taxonomy":"product_tag","embeddable":true,"href":"https:\/\/shop.nano.ba\/index.php\/wp-json\/wp\/v2\/product_tag?post=56140"}],"curies":[{"name":"wp","href":"https:\/\/api.w.org\/{rel}","templated":true}]}}