{"id":56632,"date":"2023-10-12T11:39:35","date_gmt":"2023-10-12T11:39:35","guid":{"rendered":"https:\/\/shop.nano.ba\/?post_type=product&#038;p=56632"},"modified":"2025-10-05T10:29:33","modified_gmt":"2025-10-05T10:29:33","slug":"djeciji-krevetic-kucica-wbb999-160x80cm","status":"publish","type":"product","link":"https:\/\/shop.nano.ba\/index.php\/proizvod\/djeciji-krevetic-kucica-wbb999-160x80cm\/","title":{"rendered":"Dje\u010diji kreveti\u0107 &#8211; ku\u0107ica (wbb999) 160x80cm"},"content":{"rendered":"","protected":false},"excerpt":{"rendered":"","protected":false},"featured_media":56633,"template":"","meta":[],"product_brand":[],"product_cat":[515],"product_tag":[],"class_list":{"0":"post-56632","1":"product","2":"type-product","3":"status-publish","4":"has-post-thumbnail","6":"product_cat-krevetici","8":"first","9":"outofstock","10":"sale","11":"shipping-taxable","12":"purchasable","13":"product-type-simple"},"_links":{"self":[{"href":"https:\/\/shop.nano.ba\/index.php\/wp-json\/wp\/v2\/product\/56632","targetHints":{"allow":["GET"]}}],"collection":[{"href":"https:\/\/shop.nano.ba\/index.php\/wp-json\/wp\/v2\/product"}],"about":[{"href":"https:\/\/shop.nano.ba\/index.php\/wp-json\/wp\/v2\/types\/product"}],"version-history":[{"count":1,"href":"https:\/\/shop.nano.ba\/index.php\/wp-json\/wp\/v2\/product\/56632\/revisions"}],"predecessor-version":[{"id":56634,"href":"https:\/\/shop.nano.ba\/index.php\/wp-json\/wp\/v2\/product\/56632\/revisions\/56634"}],"wp:featuredmedia":[{"embeddable":true,"href":"https:\/\/shop.nano.ba\/index.php\/wp-json\/wp\/v2\/media\/56633"}],"wp:attachment":[{"href":"https:\/\/shop.nano.ba\/index.php\/wp-json\/wp\/v2\/media?parent=56632"}],"wp:term":[{"taxonomy":"product_brand","embeddable":true,"href":"https:\/\/shop.nano.ba\/index.php\/wp-json\/wp\/v2\/product_brand?post=56632"},{"taxonomy":"product_cat","embeddable":true,"href":"https:\/\/shop.nano.ba\/index.php\/wp-json\/wp\/v2\/product_cat?post=56632"},{"taxonomy":"product_tag","embeddable":true,"href":"https:\/\/shop.nano.ba\/index.php\/wp-json\/wp\/v2\/product_tag?post=56632"}],"curies":[{"name":"wp","href":"https:\/\/api.w.org\/{rel}","templated":true}]}}