{"id":5706,"date":"2020-03-24T21:43:07","date_gmt":"2020-03-24T21:43:07","guid":{"rendered":"https:\/\/shop.nano.ba\/?post_type=product&#038;p=5706"},"modified":"2024-09-18T08:26:21","modified_gmt":"2024-09-18T08:26:21","slug":"ukrasni-jastucic","status":"publish","type":"product","link":"https:\/\/shop.nano.ba\/index.php\/proizvod\/ukrasni-jastucic\/","title":{"rendered":"Jastuk medo s u\u0161ima"},"content":{"rendered":"<p>Jastuk u obliku valjka, za podr\u0161ku pri spavanju.<\/p>\n<p>Prilikom upisivanja podataka za narud\u017ebu, dovoljno je u napomenu upisati koju boju ili dezen \u017eelite.<\/p>\n<p>Materijal: 100% organski pamuk ranforce.<br \/>\nOdr\u017eavanje:<\/p>\n<ul>\n<li>Ma\u0161insko pranje na 30\u00b0.<\/li>\n<li>Su\u0161enje na vjetru.<\/li>\n<li>Dozvoljeno peglanje.<\/li>\n<\/ul>\n<p>Promjena pri pranju na 30\u00b0C: po du\u017eini -1,2%, po \u0161irini -0,5% pH vodenog ekstrakta 8,6%<br \/>\nProizvo\u0111a\u010d: Nano DOO, Cerik, Br\u010dko.<\/p>\n","protected":false},"excerpt":{"rendered":"<p>Jastuk u obliku valjka, za podr\u0161ku pri spavanju. Prilikom upisivanja podataka za narud\u017ebu, dovoljno je u napomenu upisati koju boju<\/p>\n","protected":false},"featured_media":42807,"template":"","meta":[],"product_brand":[],"product_cat":[317,659],"product_tag":[],"class_list":{"0":"post-5706","1":"product","2":"type-product","3":"status-publish","4":"has-post-thumbnail","6":"product_cat-baby-oprema","7":"product_cat-jastuci-za-bebe","9":"first","10":"instock","11":"shipping-taxable","12":"purchasable","13":"product-type-simple"},"_links":{"self":[{"href":"https:\/\/shop.nano.ba\/index.php\/wp-json\/wp\/v2\/product\/5706","targetHints":{"allow":["GET"]}}],"collection":[{"href":"https:\/\/shop.nano.ba\/index.php\/wp-json\/wp\/v2\/product"}],"about":[{"href":"https:\/\/shop.nano.ba\/index.php\/wp-json\/wp\/v2\/types\/product"}],"version-history":[{"count":3,"href":"https:\/\/shop.nano.ba\/index.php\/wp-json\/wp\/v2\/product\/5706\/revisions"}],"predecessor-version":[{"id":42808,"href":"https:\/\/shop.nano.ba\/index.php\/wp-json\/wp\/v2\/product\/5706\/revisions\/42808"}],"wp:featuredmedia":[{"embeddable":true,"href":"https:\/\/shop.nano.ba\/index.php\/wp-json\/wp\/v2\/media\/42807"}],"wp:attachment":[{"href":"https:\/\/shop.nano.ba\/index.php\/wp-json\/wp\/v2\/media?parent=5706"}],"wp:term":[{"taxonomy":"product_brand","embeddable":true,"href":"https:\/\/shop.nano.ba\/index.php\/wp-json\/wp\/v2\/product_brand?post=5706"},{"taxonomy":"product_cat","embeddable":true,"href":"https:\/\/shop.nano.ba\/index.php\/wp-json\/wp\/v2\/product_cat?post=5706"},{"taxonomy":"product_tag","embeddable":true,"href":"https:\/\/shop.nano.ba\/index.php\/wp-json\/wp\/v2\/product_tag?post=5706"}],"curies":[{"name":"wp","href":"https:\/\/api.w.org\/{rel}","templated":true}]}}