{"id":58999,"date":"2023-11-24T12:44:07","date_gmt":"2023-11-24T12:44:07","guid":{"rendered":"https:\/\/shop.nano.ba\/?post_type=product&#038;p=58999"},"modified":"2026-03-10T11:14:47","modified_gmt":"2026-03-10T11:14:47","slug":"set-velvet-mint-trokutici-pletenica-sa-4-strane-plahtajastuk-jorgan-i-dva-ukrasna-jastuka","status":"publish","type":"product","link":"https:\/\/shop.nano.ba\/index.php\/proizvod\/set-velvet-mint-trokutici-pletenica-sa-4-strane-plahtajastuk-jorgan-i-dva-ukrasna-jastuka\/","title":{"rendered":"Set Velvet Braid Puder roze\/Siva\/Bijela i Roze Medo na Dugi &#8211; Pletenica sa 4 strane, plahta, jastuk, jorgan i dva ukrasna jastuka."},"content":{"rendered":"<p>Velvet set za krevetac. Najnje\u017eniji dodir za Va\u0161e mali\u0161ane &lt;3<\/p>\n<p><strong>SET SADR\u017dI:<\/strong><\/p>\n<ul>\n<li>Velvet pletenica sa tri kraka, u du\u017eini 360cm, i visini 15cm. Du\u017eina 360cm odgovara standardnom kreveti\u0107u 120x60cm, ili ovalnom kreveti\u0107u u drugoj fazi. A iskoristiva je i u velikom krevetu kasnije.<\/li>\n<li>Plahta<\/li>\n<li>Jastuk<\/li>\n<li>Jorgan<\/li>\n<li>Ukrasni jastuk oblak<\/li>\n<li>Ukrasni\/jastuk za pozicioniranje<\/li>\n<\/ul>\n<p><strong>Materijal:<\/strong><\/p>\n<ul>\n<li>100% organski pamuk ranforce.<\/li>\n<\/ul>\n<p><strong>Odr\u017eavanje:<\/strong><\/p>\n<ul>\n<li>Ma\u0161insko pranje na 30\u00b0<\/li>\n<li>Su\u0161enje na vjetru.<\/li>\n<li>Dozvoljeno peglanje.<\/li>\n<\/ul>\n<p>Promjena pri pranju na 30\u00b0C: po du\u017eini -1,2%, po \u0161irini -0,5% pH vodenog ekstrakta 8,6%<br \/>\nProizvo\u0111a\u010d: Nano DOO, Cerik, Br\u010dko<\/p>\n","protected":false},"excerpt":{"rendered":"<p>Velvet set za krevetac. Najnje\u017eniji dodir za Va\u0161e mali\u0161ane &lt;3 SET SADR\u017dI: Velvet pletenica sa tri kraka, u du\u017eini 360cm,<\/p>\n","protected":false},"featured_media":133601,"template":"","meta":[],"product_brand":[],"product_cat":[317,513,599],"product_tag":[],"class_list":{"0":"post-58999","1":"product","2":"type-product","3":"status-publish","4":"has-post-thumbnail","6":"product_cat-baby-oprema","7":"product_cat-ogradice-za-krevetac","8":"product_cat-pletenica-za-krevetac","10":"first","11":"instock","12":"shipping-taxable","13":"purchasable","14":"product-type-simple"},"_links":{"self":[{"href":"https:\/\/shop.nano.ba\/index.php\/wp-json\/wp\/v2\/product\/58999","targetHints":{"allow":["GET"]}}],"collection":[{"href":"https:\/\/shop.nano.ba\/index.php\/wp-json\/wp\/v2\/product"}],"about":[{"href":"https:\/\/shop.nano.ba\/index.php\/wp-json\/wp\/v2\/types\/product"}],"version-history":[{"count":6,"href":"https:\/\/shop.nano.ba\/index.php\/wp-json\/wp\/v2\/product\/58999\/revisions"}],"predecessor-version":[{"id":133639,"href":"https:\/\/shop.nano.ba\/index.php\/wp-json\/wp\/v2\/product\/58999\/revisions\/133639"}],"wp:featuredmedia":[{"embeddable":true,"href":"https:\/\/shop.nano.ba\/index.php\/wp-json\/wp\/v2\/media\/133601"}],"wp:attachment":[{"href":"https:\/\/shop.nano.ba\/index.php\/wp-json\/wp\/v2\/media?parent=58999"}],"wp:term":[{"taxonomy":"product_brand","embeddable":true,"href":"https:\/\/shop.nano.ba\/index.php\/wp-json\/wp\/v2\/product_brand?post=58999"},{"taxonomy":"product_cat","embeddable":true,"href":"https:\/\/shop.nano.ba\/index.php\/wp-json\/wp\/v2\/product_cat?post=58999"},{"taxonomy":"product_tag","embeddable":true,"href":"https:\/\/shop.nano.ba\/index.php\/wp-json\/wp\/v2\/product_tag?post=58999"}],"curies":[{"name":"wp","href":"https:\/\/api.w.org\/{rel}","templated":true}]}}