{"id":61436,"date":"2024-01-06T06:31:39","date_gmt":"2024-01-06T06:31:39","guid":{"rendered":"https:\/\/shop.nano.ba\/?post_type=product&#038;p=61436"},"modified":"2026-04-24T09:40:18","modified_gmt":"2026-04-24T09:40:18","slug":"metalni-radni-stol-nano-bodur-no21","status":"publish","type":"product","link":"https:\/\/shop.nano.ba\/index.php\/proizvod\/metalni-radni-stol-nano-bodur-no21\/","title":{"rendered":"Metalni radni stol &#8220;Nano-Bodur&#8221; (NO:21) (Okvir &#8211; svijetlosiva \/ Paneli &#8211; plava)"},"content":{"rendered":"<h2>Materijal : Nehr\u0111aju\u0107i \u010delik sa nekorozivnim premazom boje protiv ogrebotina<br \/>\nDimenzije : H1025xW3700xD750 mm<br \/>\nTe\u017eina : 265kg<\/h2>\n<h2>\u00a0Mogu\u0107e boje po narud\u017ebi :<\/h2>\n<p><a href=\"https:\/\/shop.nano.ba\/wp-content\/uploads\/2022\/12\/boje3-compress.png\"><img loading=\"lazy\" decoding=\"async\" class=\" wd-lazy-fade aligncenter wp-image-39697 size-full\" src=\"https:\/\/shop.nano.ba\/wp-content\/themes\/woodmart\/images\/lazy.svg\" data-src=\"https:\/\/shop.nano.ba\/wp-content\/uploads\/2022\/12\/boje3-compress.png\" alt=\"\" width=\"193\" height=\"685\" \/><\/a> <a href=\"https:\/\/shop.nano.ba\/wp-content\/uploads\/2022\/12\/boje2-compress.jpg\"><img loading=\"lazy\" decoding=\"async\" class=\" wd-lazy-fade aligncenter wp-image-39698 size-full\" src=\"https:\/\/shop.nano.ba\/wp-content\/themes\/woodmart\/images\/lazy.svg\" data-src=\"https:\/\/shop.nano.ba\/wp-content\/uploads\/2022\/12\/boje2-compress.jpg\" alt=\"\" width=\"199\" height=\"685\" \/><\/a> <a href=\"https:\/\/shop.nano.ba\/wp-content\/uploads\/2022\/12\/boje1-compress.png\"><img loading=\"lazy\" decoding=\"async\" class=\" wd-lazy-fade aligncenter wp-image-39699 size-full\" src=\"https:\/\/shop.nano.ba\/wp-content\/themes\/woodmart\/images\/lazy.svg\" data-src=\"https:\/\/shop.nano.ba\/wp-content\/uploads\/2022\/12\/boje1-compress.png\" alt=\"\" width=\"189\" height=\"678\" \/><\/a><br \/>\n<a href=\"https:\/\/shop.nano.ba\/wp-content\/uploads\/2022\/12\/boje44-compress.png\"><img loading=\"lazy\" decoding=\"async\" class=\" wd-lazy-fade aligncenter wp-image-39700 size-full\" src=\"https:\/\/shop.nano.ba\/wp-content\/themes\/woodmart\/images\/lazy.svg\" data-src=\"https:\/\/shop.nano.ba\/wp-content\/uploads\/2022\/12\/boje44-compress.png\" alt=\"\" width=\"197\" height=\"547\" \/><\/a><\/p>\n<table class=\"vc-table-plugin-theme-classic aligncenter\" style=\"height: 5px;\" width=\"5\">\n<tbody>\n<tr class=\"vc-th\">\n<td class=\"vc_table_cell\"><\/td>\n<td class=\"vc_table_cell\"><\/td>\n<\/tr>\n<tr>\n<td class=\"vc_table_cell\"><\/td>\n<td class=\"vc_table_cell\"><\/td>\n<\/tr>\n<tr>\n<td class=\"vc_table_cell\"><\/td>\n<td class=\"vc_table_cell\"><\/td>\n<\/tr>\n<tr>\n<td class=\"vc_table_cell\"><\/td>\n<td class=\"vc_table_cell\"><\/td>\n<\/tr>\n<tr>\n<td class=\"vc_table_cell\"><\/td>\n<td class=\"vc_table_cell\"><\/td>\n<\/tr>\n<tr>\n<td class=\"vc_table_cell\"><\/td>\n<td class=\"vc_table_cell\"><\/td>\n<\/tr>\n<tr>\n<td class=\"vc_table_cell\"><\/td>\n<td class=\"vc_table_cell\"><\/td>\n<\/tr>\n<tr>\n<td class=\"vc_table_cell\"><\/td>\n<td class=\"vc_table_cell\"><\/td>\n<\/tr>\n<tr>\n<td class=\"vc_table_cell\"><\/td>\n<td class=\"vc_table_cell\"><\/td>\n<\/tr>\n<\/tbody>\n<\/table>\n","protected":false},"excerpt":{"rendered":"<p>Materijal : Nehr\u0111aju\u0107i \u010delik sa nekorozivnim premazom boje protiv ogrebotina Dimenzije : H1025xW3700xD750 mm Te\u017eina : 265kg \u00a0Mogu\u0107e boje po<\/p>\n","protected":false},"featured_media":61442,"template":"","meta":[],"product_brand":[],"product_cat":[576],"product_tag":[],"class_list":{"0":"post-61436","1":"product","2":"type-product","3":"status-publish","4":"has-post-thumbnail","6":"product_cat-metalni-radni-stolovi","8":"first","9":"instock","10":"shipping-taxable","11":"purchasable","12":"product-type-simple"},"_links":{"self":[{"href":"https:\/\/shop.nano.ba\/index.php\/wp-json\/wp\/v2\/product\/61436","targetHints":{"allow":["GET"]}}],"collection":[{"href":"https:\/\/shop.nano.ba\/index.php\/wp-json\/wp\/v2\/product"}],"about":[{"href":"https:\/\/shop.nano.ba\/index.php\/wp-json\/wp\/v2\/types\/product"}],"version-history":[{"count":2,"href":"https:\/\/shop.nano.ba\/index.php\/wp-json\/wp\/v2\/product\/61436\/revisions"}],"predecessor-version":[{"id":70474,"href":"https:\/\/shop.nano.ba\/index.php\/wp-json\/wp\/v2\/product\/61436\/revisions\/70474"}],"wp:featuredmedia":[{"embeddable":true,"href":"https:\/\/shop.nano.ba\/index.php\/wp-json\/wp\/v2\/media\/61442"}],"wp:attachment":[{"href":"https:\/\/shop.nano.ba\/index.php\/wp-json\/wp\/v2\/media?parent=61436"}],"wp:term":[{"taxonomy":"product_brand","embeddable":true,"href":"https:\/\/shop.nano.ba\/index.php\/wp-json\/wp\/v2\/product_brand?post=61436"},{"taxonomy":"product_cat","embeddable":true,"href":"https:\/\/shop.nano.ba\/index.php\/wp-json\/wp\/v2\/product_cat?post=61436"},{"taxonomy":"product_tag","embeddable":true,"href":"https:\/\/shop.nano.ba\/index.php\/wp-json\/wp\/v2\/product_tag?post=61436"}],"curies":[{"name":"wp","href":"https:\/\/api.w.org\/{rel}","templated":true}]}}