{"id":63929,"date":"2024-02-11T12:29:42","date_gmt":"2024-02-11T12:29:42","guid":{"rendered":"https:\/\/shop.nano.ba\/?post_type=product&#038;p=63929"},"modified":"2024-02-11T12:35:29","modified_gmt":"2024-02-11T12:35:29","slug":"dekica-teddy-wafel-plava","status":"publish","type":"product","link":"https:\/\/shop.nano.ba\/index.php\/proizvod\/dekica-teddy-wafel-plava\/","title":{"rendered":"Dekica Teddy Wafel &#8211; Plava"},"content":{"rendered":"<div dir=\"auto\">\n<div class=\"xdj266r x11i5rnm xat24cr x1mh8g0r x1vvkbs x126k92a\">\n<div dir=\"auto\">\n<div dir=\"auto\"><span class=\"x3nfvp2 x1j61x8r x1fcty0u xdj266r xhhsvwb xat24cr xgzva0m xxymvpz xlup9mm x1kky2od\"><img loading=\"lazy\" decoding=\"async\" class=\"xz74otr\" src=\"https:\/\/static.xx.fbcdn.net\/images\/emoji.php\/v9\/t14\/1.5\/16\/1f98b.png\" alt=\"\ud83e\udd8b\" width=\"16\" height=\"16\" \/><\/span>Dvostrane su.<\/div>\n<div dir=\"auto\"><span class=\"x3nfvp2 x1j61x8r x1fcty0u xdj266r xhhsvwb xat24cr xgzva0m xxymvpz xlup9mm x1kky2od\"><img loading=\"lazy\" decoding=\"async\" class=\"xz74otr\" src=\"https:\/\/static.xx.fbcdn.net\/images\/emoji.php\/v9\/t14\/1.5\/16\/1f98b.png\" alt=\"\ud83e\udd8b\" width=\"16\" height=\"16\" \/><\/span>Zbog svog sastava, wafel a sa jedne strane, s druge strane teddy, pogodna je i za najosjetljiviju ko\u017eu.<\/div>\n<div dir=\"auto\">Vi\u0161enamjenska je, pa se mo\u017ee koristiti za no\u0161enje, za pokrivanje, kao podloga ili za\u0161tita u kolicima. <span class=\"x3nfvp2 x1j61x8r x1fcty0u xdj266r xhhsvwb xat24cr xgzva0m xxymvpz xlup9mm x1kky2od\"><img loading=\"lazy\" decoding=\"async\" class=\"xz74otr\" src=\"https:\/\/static.xx.fbcdn.net\/images\/emoji.php\/v9\/t5c\/1.5\/16\/1f380.png\" alt=\"\ud83c\udf80\" width=\"16\" height=\"16\" \/><\/span><\/div>\n<div dir=\"auto\">\n<p>Vez imena je besplatan.<\/p>\n<p>Dovoljno je upisati ime djeteta u napomenu prilikom popunjavanja podataka za narud\u017ebu.<\/p>\n<\/div>\n<div dir=\"auto\"><\/div>\n<div dir=\"auto\">\u0160aljemo brzom po\u0161tom na adresu \u0161irom BiH, pla\u0107anje je prilikom preuzimanja, a paket mo\u017eete pregledati. <span class=\"x3nfvp2 x1j61x8r x1fcty0u xdj266r xhhsvwb xat24cr xgzva0m xxymvpz xlup9mm x1kky2od\"><img loading=\"lazy\" decoding=\"async\" class=\"xz74otr\" src=\"https:\/\/static.xx.fbcdn.net\/images\/emoji.php\/v9\/t78\/1.5\/16\/1f41d.png\" alt=\"\ud83d\udc1d\" width=\"16\" height=\"16\" \/><\/span><\/div>\n<\/div>\n<\/div>\n<div class=\"x11i5rnm xat24cr x1mh8g0r x1vvkbs xtlvy1s x126k92a\">\n<div dir=\"auto\"><\/div>\n<\/div>\n<\/div>\n","protected":false},"excerpt":{"rendered":"<p>Dvostrane su. Zbog svog sastava, wafel a sa jedne strane, s druge strane teddy, pogodna je i za najosjetljiviju ko\u017eu.<\/p>\n","protected":false},"featured_media":63932,"template":"","meta":[],"product_brand":[],"product_cat":[317,514,603],"product_tag":[],"class_list":{"0":"post-63929","1":"product","2":"type-product","3":"status-publish","4":"has-post-thumbnail","6":"product_cat-baby-oprema","7":"product_cat-deke-i-prekrivaci","8":"product_cat-smotuljak","10":"first","11":"instock","12":"shipping-taxable","13":"purchasable","14":"product-type-variable"},"_links":{"self":[{"href":"https:\/\/shop.nano.ba\/index.php\/wp-json\/wp\/v2\/product\/63929","targetHints":{"allow":["GET"]}}],"collection":[{"href":"https:\/\/shop.nano.ba\/index.php\/wp-json\/wp\/v2\/product"}],"about":[{"href":"https:\/\/shop.nano.ba\/index.php\/wp-json\/wp\/v2\/types\/product"}],"version-history":[{"count":2,"href":"https:\/\/shop.nano.ba\/index.php\/wp-json\/wp\/v2\/product\/63929\/revisions"}],"predecessor-version":[{"id":63937,"href":"https:\/\/shop.nano.ba\/index.php\/wp-json\/wp\/v2\/product\/63929\/revisions\/63937"}],"wp:featuredmedia":[{"embeddable":true,"href":"https:\/\/shop.nano.ba\/index.php\/wp-json\/wp\/v2\/media\/63932"}],"wp:attachment":[{"href":"https:\/\/shop.nano.ba\/index.php\/wp-json\/wp\/v2\/media?parent=63929"}],"wp:term":[{"taxonomy":"product_brand","embeddable":true,"href":"https:\/\/shop.nano.ba\/index.php\/wp-json\/wp\/v2\/product_brand?post=63929"},{"taxonomy":"product_cat","embeddable":true,"href":"https:\/\/shop.nano.ba\/index.php\/wp-json\/wp\/v2\/product_cat?post=63929"},{"taxonomy":"product_tag","embeddable":true,"href":"https:\/\/shop.nano.ba\/index.php\/wp-json\/wp\/v2\/product_tag?post=63929"}],"curies":[{"name":"wp","href":"https:\/\/api.w.org\/{rel}","templated":true}]}}