{"id":63980,"date":"2024-02-11T13:31:57","date_gmt":"2024-02-11T13:31:57","guid":{"rendered":"https:\/\/shop.nano.ba\/?post_type=product&#038;p=63980"},"modified":"2024-02-11T13:40:49","modified_gmt":"2024-02-11T13:40:49","slug":"dekica-sivi-minky-dots","status":"publish","type":"product","link":"https:\/\/shop.nano.ba\/index.php\/proizvod\/dekica-sivi-minky-dots\/","title":{"rendered":"Dekica &#8211; Sivi Minky Dots"},"content":{"rendered":"<div dir=\"auto\">Dekice s imenom<span class=\"x3nfvp2 x1j61x8r x1fcty0u xdj266r xhhsvwb xat24cr xgzva0m xxymvpz xlup9mm x1kky2od\"><img loading=\"lazy\" decoding=\"async\" src=\"https:\/\/static.xx.fbcdn.net\/images\/emoji.php\/v9\/t3\/1\/16\/1f380.png\" alt=\"\ud83c\udf80\" width=\"16\" height=\"16\" \/><\/span><\/div>\n<div dir=\"auto\"><\/div>\n<div dir=\"auto\">Ispisivanje imena po \u017eelji kupca.<\/div>\n<div dir=\"auto\">Dekice mogu biti od minky platna sa obje strane, ili minky s jedne strane, a s druge pamu\u010dno platno.<\/div>\n<div dir=\"auto\">Dezen pamu\u010dnog materijala je po izboru kupca.<\/div>\n<div dir=\"auto\">Perive u ma\u0161ini za ve\u0161 na 30\u00b0.<\/div>\n<div dir=\"auto\">Prednost minky platna je u tome \u0161to jako dobro grije na hladnom, a hladi na toplom, tako da je savr\u0161eno za odr\u017eavanje idealne temperature bez obzira na vrijeme vani <span class=\"x3nfvp2 x1j61x8r x1fcty0u xdj266r xhhsvwb xat24cr xgzva0m xxymvpz xlup9mm x1kky2od\"><img loading=\"lazy\" decoding=\"async\" src=\"https:\/\/static.xx.fbcdn.net\/images\/emoji.php\/v9\/t5f\/1\/16\/1f31e.png\" alt=\"\ud83c\udf1e\" width=\"16\" height=\"16\" \/><br \/>\nVez imena je besplatan.<br \/>\nDovoljno je u napomenu, prilikom popunjavanja podataka, upisati ime djeteta. Takodjer, ukoliko kupujete vi\u0161e stvari, mo\u017eete jednostavno u napomenu upisati sve \u0161to \u017eelite. Ukoliko kupite vi\u0161e razli\u010ditih stvari, a \u017eelite sve u istoj boji i kombinaciji, samo u napomenu upi\u0161ite da \u017eelite da bude sve u istoj kombinaciji.\u00a0<\/span><\/div>\n<div dir=\"auto\">\u0160aljemo brzom po\u0161tom na adresu, pla\u0107anje je prilikom preuzimanja, a paket mo\u017eete pregledati <span class=\"x3nfvp2 x1j61x8r x1fcty0u xdj266r xhhsvwb xat24cr xgzva0m xxymvpz xlup9mm x1kky2od\"><img loading=\"lazy\" decoding=\"async\" src=\"https:\/\/static.xx.fbcdn.net\/images\/emoji.php\/v9\/t84\/1\/16\/1f381.png\" alt=\"\ud83c\udf81\" width=\"16\" height=\"16\" \/><\/span><\/div>\n","protected":false},"excerpt":{"rendered":"<p>Dekice s imenom Ispisivanje imena po \u017eelji kupca. Dekice mogu biti od minky platna sa obje strane, ili minky s<\/p>\n","protected":false},"featured_media":63984,"template":"","meta":[],"product_brand":[],"product_cat":[317,514],"product_tag":[],"class_list":{"0":"post-63980","1":"product","2":"type-product","3":"status-publish","4":"has-post-thumbnail","6":"product_cat-baby-oprema","7":"product_cat-deke-i-prekrivaci","9":"first","10":"instock","11":"shipping-taxable","12":"purchasable","13":"product-type-variable"},"_links":{"self":[{"href":"https:\/\/shop.nano.ba\/index.php\/wp-json\/wp\/v2\/product\/63980","targetHints":{"allow":["GET"]}}],"collection":[{"href":"https:\/\/shop.nano.ba\/index.php\/wp-json\/wp\/v2\/product"}],"about":[{"href":"https:\/\/shop.nano.ba\/index.php\/wp-json\/wp\/v2\/types\/product"}],"version-history":[{"count":2,"href":"https:\/\/shop.nano.ba\/index.php\/wp-json\/wp\/v2\/product\/63980\/revisions"}],"predecessor-version":[{"id":63994,"href":"https:\/\/shop.nano.ba\/index.php\/wp-json\/wp\/v2\/product\/63980\/revisions\/63994"}],"wp:featuredmedia":[{"embeddable":true,"href":"https:\/\/shop.nano.ba\/index.php\/wp-json\/wp\/v2\/media\/63984"}],"wp:attachment":[{"href":"https:\/\/shop.nano.ba\/index.php\/wp-json\/wp\/v2\/media?parent=63980"}],"wp:term":[{"taxonomy":"product_brand","embeddable":true,"href":"https:\/\/shop.nano.ba\/index.php\/wp-json\/wp\/v2\/product_brand?post=63980"},{"taxonomy":"product_cat","embeddable":true,"href":"https:\/\/shop.nano.ba\/index.php\/wp-json\/wp\/v2\/product_cat?post=63980"},{"taxonomy":"product_tag","embeddable":true,"href":"https:\/\/shop.nano.ba\/index.php\/wp-json\/wp\/v2\/product_tag?post=63980"}],"curies":[{"name":"wp","href":"https:\/\/api.w.org\/{rel}","templated":true}]}}