{"id":76393,"date":"2024-07-21T07:16:41","date_gmt":"2024-07-21T07:16:41","guid":{"rendered":"https:\/\/shop.nano.ba\/?post_type=product&#038;p=76393"},"modified":"2026-02-18T09:44:28","modified_gmt":"2026-02-18T09:44:28","slug":"baby-glodalica-slonko","status":"publish","type":"product","link":"https:\/\/shop.nano.ba\/index.php\/proizvod\/baby-glodalica-slonko\/","title":{"rendered":"Baby drvena i silikonska glodalica &#8211; Slonko Roze"},"content":{"rendered":"<p>Znamo da su ove glodalice namijenjene za bebe, ali smo uvjereni da \u0107e ih voljeti i mame! Drvena i silikonska glodalica \u017eivotinje savr\u0161ena je za kori\u0161tenje tijekom nicanja zubi\u0107a i tijekom igre. Silikon i prirodni materijali od bukve sigurni su i izdr\u017eljivi te imaju 100% sigurnost higijene.<br \/>\nSavr\u0161ene veli\u010dine za lako hvatanje i dr\u017eanje.<br \/>\nMaterijali su savr\u0161eni tijekom nicanja zubi\u0107a: drvo bukve i silikon.<br \/>\nPrirodno drvo bukve je odr\u017eivo, \u010dvrsto, tvrdo drvo te se ne lomi.<br \/>\nKori\u0161teni su samo sigurni i izdr\u017eljivi materijali-<br \/>\nDostupni u najsla\u0111im bojama i \u017eivotinjskim likovima: Slonko i Lav<\/p>\n<p>Sigurno za upotrebu &#8211; BPA Free, bez ftalata, pvc-a i olova.<\/p>\n","protected":false},"excerpt":{"rendered":"<p>Znamo da su ove glodalice namijenjene za bebe, ali smo uvjereni da \u0107e ih voljeti i mame! Drvena i silikonska<\/p>\n","protected":false},"featured_media":77088,"template":"","meta":[],"product_brand":[],"product_cat":[317,607],"product_tag":[],"class_list":{"0":"post-76393","1":"product","2":"type-product","3":"status-publish","4":"has-post-thumbnail","6":"product_cat-baby-oprema","7":"product_cat-glodalice","9":"first","10":"instock","11":"sold-individually","12":"shipping-taxable","13":"purchasable","14":"product-type-simple"},"_links":{"self":[{"href":"https:\/\/shop.nano.ba\/index.php\/wp-json\/wp\/v2\/product\/76393","targetHints":{"allow":["GET"]}}],"collection":[{"href":"https:\/\/shop.nano.ba\/index.php\/wp-json\/wp\/v2\/product"}],"about":[{"href":"https:\/\/shop.nano.ba\/index.php\/wp-json\/wp\/v2\/types\/product"}],"version-history":[{"count":2,"href":"https:\/\/shop.nano.ba\/index.php\/wp-json\/wp\/v2\/product\/76393\/revisions"}],"predecessor-version":[{"id":77089,"href":"https:\/\/shop.nano.ba\/index.php\/wp-json\/wp\/v2\/product\/76393\/revisions\/77089"}],"wp:featuredmedia":[{"embeddable":true,"href":"https:\/\/shop.nano.ba\/index.php\/wp-json\/wp\/v2\/media\/77088"}],"wp:attachment":[{"href":"https:\/\/shop.nano.ba\/index.php\/wp-json\/wp\/v2\/media?parent=76393"}],"wp:term":[{"taxonomy":"product_brand","embeddable":true,"href":"https:\/\/shop.nano.ba\/index.php\/wp-json\/wp\/v2\/product_brand?post=76393"},{"taxonomy":"product_cat","embeddable":true,"href":"https:\/\/shop.nano.ba\/index.php\/wp-json\/wp\/v2\/product_cat?post=76393"},{"taxonomy":"product_tag","embeddable":true,"href":"https:\/\/shop.nano.ba\/index.php\/wp-json\/wp\/v2\/product_tag?post=76393"}],"curies":[{"name":"wp","href":"https:\/\/api.w.org\/{rel}","templated":true}]}}