{"id":76631,"date":"2024-07-23T07:00:53","date_gmt":"2024-07-23T07:00:53","guid":{"rendered":"https:\/\/shop.nano.ba\/?post_type=product&#038;p=76631"},"modified":"2026-04-17T10:47:00","modified_gmt":"2026-04-17T10:47:00","slug":"silikonska-flasica-sa-poklopcem-chicco-2","status":"publish","type":"product","link":"https:\/\/shop.nano.ba\/index.php\/proizvod\/silikonska-flasica-sa-poklopcem-chicco-2\/","title":{"rendered":"Silikonska fla\u0161ica sa poklopcem Silky"},"content":{"rendered":"<div>\n<div class=\"ml mm mn cl mo\" data-dmid=\"Opis proizvoda-header-content\">Silikonska \u0161olja sa poklopcem koji se skida i slamkom.<\/div>\n<\/div>\n<div class=\"ac dv hp mq mr ha ms\" data-dmid=\"Opis proizvoda-content\">\n<div class=\"flex flex-col gap-m mt-xxxs\">\n<div>\n<ul class=\"flex flex-col gap-xxs m-0 pl-xs\">\n<li>Silikonska \u010da\u0161a za djecu<\/li>\n<li>Izra\u0111ena od visokokvalitetnih materijala<\/li>\n<li>Sigurno za upotrebu &#8211; BPA Free, bez ftalata, pvc-a i olova.<\/li>\n<li>Prakti\u010dna i jednostavna<\/li>\n<\/ul>\n<\/div>\n<div>\n<div class=\"whitespace-pre-line\">\n<div>Silikonska \u010da\u0161a je svestrana i prakti\u010dna za djecu od navr\u0161enih 12 mjeseci starosti. Prakti\u010dan oblik sprje\u010dava curenje i omogu\u0107ava lak\u0161e pijenje, a posebna za\u0161tita sprje\u010dava prolijevanje. Napravljena je od visokokvalitetnog silikona, veoma je prakti\u010dna i jednostavna za odr\u017eavanje.<\/div>\n<\/div>\n<\/div>\n<\/div>\n<\/div>\n","protected":false},"excerpt":{"rendered":"<p>Silikonska \u0161olja sa poklopcem koji se skida i slamkom. Silikonska \u010da\u0161a za djecu Izra\u0111ena od visokokvalitetnih materijala Sigurno za upotrebu<\/p>\n","protected":false},"featured_media":131170,"template":"","meta":[],"product_brand":[],"product_cat":[317,775],"product_tag":[],"class_list":{"0":"post-76631","1":"product","2":"type-product","3":"status-publish","4":"has-post-thumbnail","6":"product_cat-baby-oprema","7":"product_cat-silikonsko-posude","9":"first","10":"instock","11":"shipping-taxable","12":"purchasable","13":"product-type-variable"},"_links":{"self":[{"href":"https:\/\/shop.nano.ba\/index.php\/wp-json\/wp\/v2\/product\/76631","targetHints":{"allow":["GET"]}}],"collection":[{"href":"https:\/\/shop.nano.ba\/index.php\/wp-json\/wp\/v2\/product"}],"about":[{"href":"https:\/\/shop.nano.ba\/index.php\/wp-json\/wp\/v2\/types\/product"}],"version-history":[{"count":4,"href":"https:\/\/shop.nano.ba\/index.php\/wp-json\/wp\/v2\/product\/76631\/revisions"}],"predecessor-version":[{"id":131177,"href":"https:\/\/shop.nano.ba\/index.php\/wp-json\/wp\/v2\/product\/76631\/revisions\/131177"}],"wp:featuredmedia":[{"embeddable":true,"href":"https:\/\/shop.nano.ba\/index.php\/wp-json\/wp\/v2\/media\/131170"}],"wp:attachment":[{"href":"https:\/\/shop.nano.ba\/index.php\/wp-json\/wp\/v2\/media?parent=76631"}],"wp:term":[{"taxonomy":"product_brand","embeddable":true,"href":"https:\/\/shop.nano.ba\/index.php\/wp-json\/wp\/v2\/product_brand?post=76631"},{"taxonomy":"product_cat","embeddable":true,"href":"https:\/\/shop.nano.ba\/index.php\/wp-json\/wp\/v2\/product_cat?post=76631"},{"taxonomy":"product_tag","embeddable":true,"href":"https:\/\/shop.nano.ba\/index.php\/wp-json\/wp\/v2\/product_tag?post=76631"}],"curies":[{"name":"wp","href":"https:\/\/api.w.org\/{rel}","templated":true}]}}