{"id":77130,"date":"2024-07-27T11:39:22","date_gmt":"2024-07-27T11:39:22","guid":{"rendered":"https:\/\/shop.nano.ba\/?post_type=product&#038;p=77130"},"modified":"2026-02-10T09:28:48","modified_gmt":"2026-02-10T09:28:48","slug":"baby-zastita-od-povreda-glave-koala-chicco","status":"publish","type":"product","link":"https:\/\/shop.nano.ba\/index.php\/proizvod\/baby-zastita-od-povreda-glave-koala-chicco\/","title":{"rendered":"Baby za\u0161tita od povreda glave Koala Chicco"},"content":{"rendered":"<p>Za\u0161tite bebinu glavu od udaraca i modrica, prilikom padanja.<br \/>\nBeba koja u\u010di kako sjediti ili hodati, sklona je padanju, a na\u0161a baby platnena kaciga je savr\u0161ena za\u0161tita.<br \/>\nBebina glava je za\u0161ti\u0107ena sa svih strana, a veli\u010dina je podesiva \u010di\u010dak trakom.<br \/>\nZa\u0161titna kaciga je izra\u0111ena od prirodnih materijala.<\/p>\n","protected":false},"excerpt":{"rendered":"<p>Za\u0161tite bebinu glavu od udaraca i modrica, prilikom padanja. Beba koja u\u010di kako sjediti ili hodati, sklona je padanju, a<\/p>\n","protected":false},"featured_media":0,"template":"","meta":[],"product_brand":[],"product_cat":[317,652],"product_tag":[],"class_list":{"0":"post-77130","1":"product","2":"type-product","3":"status-publish","5":"product_cat-baby-oprema","6":"product_cat-baby-zastita","8":"first","9":"instock","10":"shipping-taxable","11":"purchasable","12":"product-type-simple"},"_links":{"self":[{"href":"https:\/\/shop.nano.ba\/index.php\/wp-json\/wp\/v2\/product\/77130","targetHints":{"allow":["GET"]}}],"collection":[{"href":"https:\/\/shop.nano.ba\/index.php\/wp-json\/wp\/v2\/product"}],"about":[{"href":"https:\/\/shop.nano.ba\/index.php\/wp-json\/wp\/v2\/types\/product"}],"version-history":[{"count":1,"href":"https:\/\/shop.nano.ba\/index.php\/wp-json\/wp\/v2\/product\/77130\/revisions"}],"predecessor-version":[{"id":77134,"href":"https:\/\/shop.nano.ba\/index.php\/wp-json\/wp\/v2\/product\/77130\/revisions\/77134"}],"wp:attachment":[{"href":"https:\/\/shop.nano.ba\/index.php\/wp-json\/wp\/v2\/media?parent=77130"}],"wp:term":[{"taxonomy":"product_brand","embeddable":true,"href":"https:\/\/shop.nano.ba\/index.php\/wp-json\/wp\/v2\/product_brand?post=77130"},{"taxonomy":"product_cat","embeddable":true,"href":"https:\/\/shop.nano.ba\/index.php\/wp-json\/wp\/v2\/product_cat?post=77130"},{"taxonomy":"product_tag","embeddable":true,"href":"https:\/\/shop.nano.ba\/index.php\/wp-json\/wp\/v2\/product_tag?post=77130"}],"curies":[{"name":"wp","href":"https:\/\/api.w.org\/{rel}","templated":true}]}}