{"id":8223,"date":"2020-07-14T13:07:56","date_gmt":"2020-07-14T13:07:56","guid":{"rendered":"https:\/\/shop.nano.ba\/?post_type=product&#038;p=8223"},"modified":"2025-10-09T19:26:20","modified_gmt":"2025-10-09T19:26:20","slug":"baby-ogradica","status":"publish","type":"product","link":"https:\/\/shop.nano.ba\/index.php\/proizvod\/baby-ogradica\/","title":{"rendered":"Set Royal Bijelo Puder roze-Ogradica sa tri strane, pletenica, plahta, jastuk, jorgan &#8211; 120x60cm"},"content":{"rendered":"<p>Ogradica sa tri strane, pletenica, jastuk, jorgan, plahta.<\/p>\n<p>Ogradice mogu biti bez volana, s volanima, bez ma\u0161ni ili s ma\u0161nama. Bilo kakve promijene u odnosu na set sa slike molimo da upi\u0161ete u napomenu prilikom upisivanja podataka za dostavu.<br \/>\nSet odgovara kreveti\u0107u dimenzija 120x60cm.<br \/>\nMaterijal: 100% organski pamuk ranforce.<br \/>\nOdr\u017eavanje:<\/p>\n<ul>\n<li>Ru\u010dno pranje ogradice.<\/li>\n<li>Ma\u0161insko pranje na 30\u00b0 ostalih dijelova.<\/li>\n<li>Su\u0161enje na vjetru.<\/li>\n<li>Dozvoljeno peglanje.<\/li>\n<\/ul>\n<p>Promjena pri pranju na 30\u00b0C: po du\u017eini -1,2%, po \u0161irini -0,5% pH vodenog ekstrakta 8,6%<br \/>\nProizvo\u0111a\u010d: Nano DOO, Cerik, Br\u010dko<\/p>\n","protected":false},"excerpt":{"rendered":"<p>Ogradica sa tri strane, pletenica, jastuk, jorgan, plahta. Ogradice mogu biti bez volana, s volanima, bez ma\u0161ni ili s ma\u0161nama.<\/p>\n","protected":false},"featured_media":18033,"template":"","meta":[],"product_brand":[],"product_cat":[317],"product_tag":[],"class_list":{"0":"post-8223","1":"product","2":"type-product","3":"status-publish","4":"has-post-thumbnail","6":"product_cat-baby-oprema","8":"first","9":"instock","10":"shipping-taxable","11":"purchasable","12":"product-type-simple"},"_links":{"self":[{"href":"https:\/\/shop.nano.ba\/index.php\/wp-json\/wp\/v2\/product\/8223","targetHints":{"allow":["GET"]}}],"collection":[{"href":"https:\/\/shop.nano.ba\/index.php\/wp-json\/wp\/v2\/product"}],"about":[{"href":"https:\/\/shop.nano.ba\/index.php\/wp-json\/wp\/v2\/types\/product"}],"version-history":[{"count":2,"href":"https:\/\/shop.nano.ba\/index.php\/wp-json\/wp\/v2\/product\/8223\/revisions"}],"predecessor-version":[{"id":39186,"href":"https:\/\/shop.nano.ba\/index.php\/wp-json\/wp\/v2\/product\/8223\/revisions\/39186"}],"wp:featuredmedia":[{"embeddable":true,"href":"https:\/\/shop.nano.ba\/index.php\/wp-json\/wp\/v2\/media\/18033"}],"wp:attachment":[{"href":"https:\/\/shop.nano.ba\/index.php\/wp-json\/wp\/v2\/media?parent=8223"}],"wp:term":[{"taxonomy":"product_brand","embeddable":true,"href":"https:\/\/shop.nano.ba\/index.php\/wp-json\/wp\/v2\/product_brand?post=8223"},{"taxonomy":"product_cat","embeddable":true,"href":"https:\/\/shop.nano.ba\/index.php\/wp-json\/wp\/v2\/product_cat?post=8223"},{"taxonomy":"product_tag","embeddable":true,"href":"https:\/\/shop.nano.ba\/index.php\/wp-json\/wp\/v2\/product_tag?post=8223"}],"curies":[{"name":"wp","href":"https:\/\/api.w.org\/{rel}","templated":true}]}}