{"id":83638,"date":"2024-09-19T07:47:10","date_gmt":"2024-09-19T07:47:10","guid":{"rendered":"https:\/\/shop.nano.ba\/?post_type=product&#038;p=83638"},"modified":"2026-04-23T09:23:09","modified_gmt":"2026-04-23T09:23:09","slug":"profesionalna-kutija-za-alate-od-nerdajuceg-celika-360mm-520224","status":"publish","type":"product","link":"https:\/\/shop.nano.ba\/index.php\/proizvod\/profesionalna-kutija-za-alate-od-nerdajuceg-celika-360mm-520224\/","title":{"rendered":"Profesionalna kutija za alate od ner\u0111aju\u0107eg \u010delika 360mm (520224)"},"content":{"rendered":"","protected":false},"excerpt":{"rendered":"","protected":false},"featured_media":83640,"template":"","meta":[],"product_brand":[],"product_cat":[337,748,706],"product_tag":[],"class_list":{"0":"post-83638","1":"product","2":"type-product","3":"status-publish","4":"has-post-thumbnail","6":"product_cat-alati","7":"product_cat-kutije","8":"product_cat-pile","10":"first","11":"instock","12":"shipping-taxable","13":"purchasable","14":"product-type-simple"},"_links":{"self":[{"href":"https:\/\/shop.nano.ba\/index.php\/wp-json\/wp\/v2\/product\/83638","targetHints":{"allow":["GET"]}}],"collection":[{"href":"https:\/\/shop.nano.ba\/index.php\/wp-json\/wp\/v2\/product"}],"about":[{"href":"https:\/\/shop.nano.ba\/index.php\/wp-json\/wp\/v2\/types\/product"}],"version-history":[{"count":1,"href":"https:\/\/shop.nano.ba\/index.php\/wp-json\/wp\/v2\/product\/83638\/revisions"}],"predecessor-version":[{"id":83645,"href":"https:\/\/shop.nano.ba\/index.php\/wp-json\/wp\/v2\/product\/83638\/revisions\/83645"}],"wp:featuredmedia":[{"embeddable":true,"href":"https:\/\/shop.nano.ba\/index.php\/wp-json\/wp\/v2\/media\/83640"}],"wp:attachment":[{"href":"https:\/\/shop.nano.ba\/index.php\/wp-json\/wp\/v2\/media?parent=83638"}],"wp:term":[{"taxonomy":"product_brand","embeddable":true,"href":"https:\/\/shop.nano.ba\/index.php\/wp-json\/wp\/v2\/product_brand?post=83638"},{"taxonomy":"product_cat","embeddable":true,"href":"https:\/\/shop.nano.ba\/index.php\/wp-json\/wp\/v2\/product_cat?post=83638"},{"taxonomy":"product_tag","embeddable":true,"href":"https:\/\/shop.nano.ba\/index.php\/wp-json\/wp\/v2\/product_tag?post=83638"}],"curies":[{"name":"wp","href":"https:\/\/api.w.org\/{rel}","templated":true}]}}