{"id":83955,"date":"2024-09-20T05:50:02","date_gmt":"2024-09-20T05:50:02","guid":{"rendered":"https:\/\/shop.nano.ba\/?post_type=product&#038;p=83955"},"modified":"2026-03-26T11:35:59","modified_gmt":"2026-03-26T11:35:59","slug":"cekic-sa-fiberglass-drskom-harden-590061","status":"publish","type":"product","link":"https:\/\/shop.nano.ba\/index.php\/proizvod\/cekic-sa-fiberglass-drskom-harden-590061\/","title":{"rendered":"\u010ceki\u0107 sa fiberglass dr\u0161kom 1.0kg &#8220;HARDEN&#8221; (590061)"},"content":{"rendered":"","protected":false},"excerpt":{"rendered":"","protected":false},"featured_media":83960,"template":"","meta":[],"product_brand":[],"product_cat":[337,718],"product_tag":[],"class_list":{"0":"post-83955","1":"product","2":"type-product","3":"status-publish","4":"has-post-thumbnail","6":"product_cat-alati","7":"product_cat-cekici-alati","9":"first","10":"instock","11":"shipping-taxable","12":"purchasable","13":"product-type-simple"},"_links":{"self":[{"href":"https:\/\/shop.nano.ba\/index.php\/wp-json\/wp\/v2\/product\/83955","targetHints":{"allow":["GET"]}}],"collection":[{"href":"https:\/\/shop.nano.ba\/index.php\/wp-json\/wp\/v2\/product"}],"about":[{"href":"https:\/\/shop.nano.ba\/index.php\/wp-json\/wp\/v2\/types\/product"}],"version-history":[{"count":2,"href":"https:\/\/shop.nano.ba\/index.php\/wp-json\/wp\/v2\/product\/83955\/revisions"}],"predecessor-version":[{"id":83964,"href":"https:\/\/shop.nano.ba\/index.php\/wp-json\/wp\/v2\/product\/83955\/revisions\/83964"}],"wp:featuredmedia":[{"embeddable":true,"href":"https:\/\/shop.nano.ba\/index.php\/wp-json\/wp\/v2\/media\/83960"}],"wp:attachment":[{"href":"https:\/\/shop.nano.ba\/index.php\/wp-json\/wp\/v2\/media?parent=83955"}],"wp:term":[{"taxonomy":"product_brand","embeddable":true,"href":"https:\/\/shop.nano.ba\/index.php\/wp-json\/wp\/v2\/product_brand?post=83955"},{"taxonomy":"product_cat","embeddable":true,"href":"https:\/\/shop.nano.ba\/index.php\/wp-json\/wp\/v2\/product_cat?post=83955"},{"taxonomy":"product_tag","embeddable":true,"href":"https:\/\/shop.nano.ba\/index.php\/wp-json\/wp\/v2\/product_tag?post=83955"}],"curies":[{"name":"wp","href":"https:\/\/api.w.org\/{rel}","templated":true}]}}