{"id":83962,"date":"2024-09-20T05:55:42","date_gmt":"2024-09-20T05:55:42","guid":{"rendered":"https:\/\/shop.nano.ba\/?post_type=product&#038;p=83962"},"modified":"2026-02-20T08:48:03","modified_gmt":"2026-02-20T08:48:03","slug":"cekic-sa-fiberglass-drskom-1-5kg-harden-590065","status":"publish","type":"product","link":"https:\/\/shop.nano.ba\/index.php\/proizvod\/cekic-sa-fiberglass-drskom-1-5kg-harden-590065\/","title":{"rendered":"\u010ceki\u0107 sa fiberglass dr\u0161kom 1.5kg &#8220;HARDEN&#8221; (590065)"},"content":{"rendered":"","protected":false},"excerpt":{"rendered":"","protected":false},"featured_media":83960,"template":"","meta":[],"product_brand":[],"product_cat":[337,718],"product_tag":[],"class_list":{"0":"post-83962","1":"product","2":"type-product","3":"status-publish","4":"has-post-thumbnail","6":"product_cat-alati","7":"product_cat-cekici-alati","9":"first","10":"instock","11":"shipping-taxable","12":"purchasable","13":"product-type-simple"},"_links":{"self":[{"href":"https:\/\/shop.nano.ba\/index.php\/wp-json\/wp\/v2\/product\/83962","targetHints":{"allow":["GET"]}}],"collection":[{"href":"https:\/\/shop.nano.ba\/index.php\/wp-json\/wp\/v2\/product"}],"about":[{"href":"https:\/\/shop.nano.ba\/index.php\/wp-json\/wp\/v2\/types\/product"}],"version-history":[{"count":1,"href":"https:\/\/shop.nano.ba\/index.php\/wp-json\/wp\/v2\/product\/83962\/revisions"}],"predecessor-version":[{"id":83965,"href":"https:\/\/shop.nano.ba\/index.php\/wp-json\/wp\/v2\/product\/83962\/revisions\/83965"}],"wp:featuredmedia":[{"embeddable":true,"href":"https:\/\/shop.nano.ba\/index.php\/wp-json\/wp\/v2\/media\/83960"}],"wp:attachment":[{"href":"https:\/\/shop.nano.ba\/index.php\/wp-json\/wp\/v2\/media?parent=83962"}],"wp:term":[{"taxonomy":"product_brand","embeddable":true,"href":"https:\/\/shop.nano.ba\/index.php\/wp-json\/wp\/v2\/product_brand?post=83962"},{"taxonomy":"product_cat","embeddable":true,"href":"https:\/\/shop.nano.ba\/index.php\/wp-json\/wp\/v2\/product_cat?post=83962"},{"taxonomy":"product_tag","embeddable":true,"href":"https:\/\/shop.nano.ba\/index.php\/wp-json\/wp\/v2\/product_tag?post=83962"}],"curies":[{"name":"wp","href":"https:\/\/api.w.org\/{rel}","templated":true}]}}