{"id":83966,"date":"2024-09-20T05:58:31","date_gmt":"2024-09-20T05:58:31","guid":{"rendered":"https:\/\/shop.nano.ba\/?post_type=product&#038;p=83966"},"modified":"2026-03-25T06:11:31","modified_gmt":"2026-03-25T06:11:31","slug":"cekic-sa-fiberglass-drskom-2-0kg-harden-590070","status":"publish","type":"product","link":"https:\/\/shop.nano.ba\/index.php\/proizvod\/cekic-sa-fiberglass-drskom-2-0kg-harden-590070\/","title":{"rendered":"\u010ceki\u0107 sa fiberglass dr\u0161kom 2.0kg &#8220;HARDEN&#8221; (590070)"},"content":{"rendered":"","protected":false},"excerpt":{"rendered":"","protected":false},"featured_media":83960,"template":"","meta":[],"product_brand":[],"product_cat":[337,718],"product_tag":[],"class_list":{"0":"post-83966","1":"product","2":"type-product","3":"status-publish","4":"has-post-thumbnail","6":"product_cat-alati","7":"product_cat-cekici-alati","9":"first","10":"instock","11":"shipping-taxable","12":"purchasable","13":"product-type-simple"},"_links":{"self":[{"href":"https:\/\/shop.nano.ba\/index.php\/wp-json\/wp\/v2\/product\/83966","targetHints":{"allow":["GET"]}}],"collection":[{"href":"https:\/\/shop.nano.ba\/index.php\/wp-json\/wp\/v2\/product"}],"about":[{"href":"https:\/\/shop.nano.ba\/index.php\/wp-json\/wp\/v2\/types\/product"}],"version-history":[{"count":1,"href":"https:\/\/shop.nano.ba\/index.php\/wp-json\/wp\/v2\/product\/83966\/revisions"}],"predecessor-version":[{"id":83967,"href":"https:\/\/shop.nano.ba\/index.php\/wp-json\/wp\/v2\/product\/83966\/revisions\/83967"}],"wp:featuredmedia":[{"embeddable":true,"href":"https:\/\/shop.nano.ba\/index.php\/wp-json\/wp\/v2\/media\/83960"}],"wp:attachment":[{"href":"https:\/\/shop.nano.ba\/index.php\/wp-json\/wp\/v2\/media?parent=83966"}],"wp:term":[{"taxonomy":"product_brand","embeddable":true,"href":"https:\/\/shop.nano.ba\/index.php\/wp-json\/wp\/v2\/product_brand?post=83966"},{"taxonomy":"product_cat","embeddable":true,"href":"https:\/\/shop.nano.ba\/index.php\/wp-json\/wp\/v2\/product_cat?post=83966"},{"taxonomy":"product_tag","embeddable":true,"href":"https:\/\/shop.nano.ba\/index.php\/wp-json\/wp\/v2\/product_tag?post=83966"}],"curies":[{"name":"wp","href":"https:\/\/api.w.org\/{rel}","templated":true}]}}