{"id":83985,"date":"2024-09-20T06:38:21","date_gmt":"2024-09-20T06:38:21","guid":{"rendered":"https:\/\/shop.nano.ba\/?post_type=product&#038;p=83985"},"modified":"2025-12-05T10:36:36","modified_gmt":"2025-12-05T10:36:36","slug":"cekic-od-fiberglasa-16lb-harden-590316","status":"publish","type":"product","link":"https:\/\/shop.nano.ba\/index.php\/proizvod\/cekic-od-fiberglasa-16lb-harden-590316\/","title":{"rendered":"Macola\/\u010deki\u0107 sa fiberglas dr\u0161kom 8kg &#8220;HARDEN&#8221; (590316)"},"content":{"rendered":"","protected":false},"excerpt":{"rendered":"","protected":false},"featured_media":83974,"template":"","meta":[],"product_brand":[],"product_cat":[337,718],"product_tag":[],"class_list":{"0":"post-83985","1":"product","2":"type-product","3":"status-publish","4":"has-post-thumbnail","6":"product_cat-alati","7":"product_cat-cekici-alati","9":"first","10":"instock","11":"shipping-taxable","12":"purchasable","13":"product-type-simple"},"_links":{"self":[{"href":"https:\/\/shop.nano.ba\/index.php\/wp-json\/wp\/v2\/product\/83985","targetHints":{"allow":["GET"]}}],"collection":[{"href":"https:\/\/shop.nano.ba\/index.php\/wp-json\/wp\/v2\/product"}],"about":[{"href":"https:\/\/shop.nano.ba\/index.php\/wp-json\/wp\/v2\/types\/product"}],"version-history":[{"count":2,"href":"https:\/\/shop.nano.ba\/index.php\/wp-json\/wp\/v2\/product\/83985\/revisions"}],"predecessor-version":[{"id":123131,"href":"https:\/\/shop.nano.ba\/index.php\/wp-json\/wp\/v2\/product\/83985\/revisions\/123131"}],"wp:featuredmedia":[{"embeddable":true,"href":"https:\/\/shop.nano.ba\/index.php\/wp-json\/wp\/v2\/media\/83974"}],"wp:attachment":[{"href":"https:\/\/shop.nano.ba\/index.php\/wp-json\/wp\/v2\/media?parent=83985"}],"wp:term":[{"taxonomy":"product_brand","embeddable":true,"href":"https:\/\/shop.nano.ba\/index.php\/wp-json\/wp\/v2\/product_brand?post=83985"},{"taxonomy":"product_cat","embeddable":true,"href":"https:\/\/shop.nano.ba\/index.php\/wp-json\/wp\/v2\/product_cat?post=83985"},{"taxonomy":"product_tag","embeddable":true,"href":"https:\/\/shop.nano.ba\/index.php\/wp-json\/wp\/v2\/product_tag?post=83985"}],"curies":[{"name":"wp","href":"https:\/\/api.w.org\/{rel}","templated":true}]}}