{"id":83994,"date":"2024-09-20T07:09:28","date_gmt":"2024-09-20T07:09:28","guid":{"rendered":"https:\/\/shop.nano.ba\/?post_type=product&#038;p=83994"},"modified":"2024-11-16T09:10:14","modified_gmt":"2024-11-16T09:10:14","slug":"vrtne-makaze-od-nehrdajuceg-celika-200m-harden-630416","status":"publish","type":"product","link":"https:\/\/shop.nano.ba\/index.php\/proizvod\/vrtne-makaze-od-nehrdajuceg-celika-200m-harden-630416\/","title":{"rendered":"Vrtne makaze od nehr\u0111aju\u0107eg \u010delika 200 &#8220;HARDEN&#8221; (630416)"},"content":{"rendered":"","protected":false},"excerpt":{"rendered":"","protected":false},"featured_media":84007,"template":"","meta":[],"product_brand":[],"product_cat":[337,686],"product_tag":[],"class_list":{"0":"post-83994","1":"product","2":"type-product","3":"status-publish","4":"has-post-thumbnail","6":"product_cat-alati","7":"product_cat-makaze","9":"first","10":"instock","11":"shipping-taxable","12":"purchasable","13":"product-type-simple"},"_links":{"self":[{"href":"https:\/\/shop.nano.ba\/index.php\/wp-json\/wp\/v2\/product\/83994","targetHints":{"allow":["GET"]}}],"collection":[{"href":"https:\/\/shop.nano.ba\/index.php\/wp-json\/wp\/v2\/product"}],"about":[{"href":"https:\/\/shop.nano.ba\/index.php\/wp-json\/wp\/v2\/types\/product"}],"version-history":[{"count":2,"href":"https:\/\/shop.nano.ba\/index.php\/wp-json\/wp\/v2\/product\/83994\/revisions"}],"predecessor-version":[{"id":84237,"href":"https:\/\/shop.nano.ba\/index.php\/wp-json\/wp\/v2\/product\/83994\/revisions\/84237"}],"wp:featuredmedia":[{"embeddable":true,"href":"https:\/\/shop.nano.ba\/index.php\/wp-json\/wp\/v2\/media\/84007"}],"wp:attachment":[{"href":"https:\/\/shop.nano.ba\/index.php\/wp-json\/wp\/v2\/media?parent=83994"}],"wp:term":[{"taxonomy":"product_brand","embeddable":true,"href":"https:\/\/shop.nano.ba\/index.php\/wp-json\/wp\/v2\/product_brand?post=83994"},{"taxonomy":"product_cat","embeddable":true,"href":"https:\/\/shop.nano.ba\/index.php\/wp-json\/wp\/v2\/product_cat?post=83994"},{"taxonomy":"product_tag","embeddable":true,"href":"https:\/\/shop.nano.ba\/index.php\/wp-json\/wp\/v2\/product_tag?post=83994"}],"curies":[{"name":"wp","href":"https:\/\/api.w.org\/{rel}","templated":true}]}}