{"id":87382,"date":"2024-10-24T07:43:19","date_gmt":"2024-10-24T07:43:19","guid":{"rendered":"https:\/\/shop.nano.ba\/?post_type=product&#038;p=87382"},"modified":"2026-05-05T06:43:46","modified_gmt":"2026-05-05T06:43:46","slug":"dizalica-drzac-za-rigips-ploce-nano-180x48x17cm","status":"publish","type":"product","link":"https:\/\/shop.nano.ba\/index.php\/proizvod\/dizalica-drzac-za-rigips-ploce-nano-180x48x17cm\/","title":{"rendered":"Dizalica (dr\u017ea\u010d) za rigips plo\u010de &#8220;Nano&#8221; 180x48x17cm"},"content":{"rendered":"","protected":false},"excerpt":{"rendered":"","protected":false},"featured_media":87384,"template":"","meta":[],"product_brand":[],"product_cat":[337,672],"product_tag":[],"class_list":{"0":"post-87382","1":"product","2":"type-product","3":"status-publish","4":"has-post-thumbnail","6":"product_cat-alati","7":"product_cat-dizalice-alati","9":"first","10":"instock","11":"shipping-taxable","12":"purchasable","13":"product-type-simple"},"_links":{"self":[{"href":"https:\/\/shop.nano.ba\/index.php\/wp-json\/wp\/v2\/product\/87382","targetHints":{"allow":["GET"]}}],"collection":[{"href":"https:\/\/shop.nano.ba\/index.php\/wp-json\/wp\/v2\/product"}],"about":[{"href":"https:\/\/shop.nano.ba\/index.php\/wp-json\/wp\/v2\/types\/product"}],"version-history":[{"count":1,"href":"https:\/\/shop.nano.ba\/index.php\/wp-json\/wp\/v2\/product\/87382\/revisions"}],"predecessor-version":[{"id":87387,"href":"https:\/\/shop.nano.ba\/index.php\/wp-json\/wp\/v2\/product\/87382\/revisions\/87387"}],"wp:featuredmedia":[{"embeddable":true,"href":"https:\/\/shop.nano.ba\/index.php\/wp-json\/wp\/v2\/media\/87384"}],"wp:attachment":[{"href":"https:\/\/shop.nano.ba\/index.php\/wp-json\/wp\/v2\/media?parent=87382"}],"wp:term":[{"taxonomy":"product_brand","embeddable":true,"href":"https:\/\/shop.nano.ba\/index.php\/wp-json\/wp\/v2\/product_brand?post=87382"},{"taxonomy":"product_cat","embeddable":true,"href":"https:\/\/shop.nano.ba\/index.php\/wp-json\/wp\/v2\/product_cat?post=87382"},{"taxonomy":"product_tag","embeddable":true,"href":"https:\/\/shop.nano.ba\/index.php\/wp-json\/wp\/v2\/product_tag?post=87382"}],"curies":[{"name":"wp","href":"https:\/\/api.w.org\/{rel}","templated":true}]}}