{"id":87540,"date":"2024-10-25T14:08:17","date_gmt":"2024-10-25T14:08:17","guid":{"rendered":"https:\/\/shop.nano.ba\/?post_type=product&#038;p=87540"},"modified":"2026-03-31T09:17:31","modified_gmt":"2026-03-31T09:17:31","slug":"dizalica-i-drzac-za-mjenjac-motora-500kg-jedna-pumpa","status":"publish","type":"product","link":"https:\/\/shop.nano.ba\/index.php\/proizvod\/dizalica-i-drzac-za-mjenjac-motora-500kg-jedna-pumpa\/","title":{"rendered":"Dizalica i dr\u017ea\u010d za mjenja\u010d motora 500kg (jedna pumpa)"},"content":{"rendered":"","protected":false},"excerpt":{"rendered":"","protected":false},"featured_media":87541,"template":"","meta":[],"product_brand":[],"product_cat":[337,668],"product_tag":[],"class_list":{"0":"post-87540","1":"product","2":"type-product","3":"status-publish","4":"has-post-thumbnail","6":"product_cat-alati","7":"product_cat-setovi-alata","9":"first","10":"instock","11":"shipping-taxable","12":"purchasable","13":"product-type-simple"},"_links":{"self":[{"href":"https:\/\/shop.nano.ba\/index.php\/wp-json\/wp\/v2\/product\/87540","targetHints":{"allow":["GET"]}}],"collection":[{"href":"https:\/\/shop.nano.ba\/index.php\/wp-json\/wp\/v2\/product"}],"about":[{"href":"https:\/\/shop.nano.ba\/index.php\/wp-json\/wp\/v2\/types\/product"}],"version-history":[{"count":1,"href":"https:\/\/shop.nano.ba\/index.php\/wp-json\/wp\/v2\/product\/87540\/revisions"}],"predecessor-version":[{"id":87542,"href":"https:\/\/shop.nano.ba\/index.php\/wp-json\/wp\/v2\/product\/87540\/revisions\/87542"}],"wp:featuredmedia":[{"embeddable":true,"href":"https:\/\/shop.nano.ba\/index.php\/wp-json\/wp\/v2\/media\/87541"}],"wp:attachment":[{"href":"https:\/\/shop.nano.ba\/index.php\/wp-json\/wp\/v2\/media?parent=87540"}],"wp:term":[{"taxonomy":"product_brand","embeddable":true,"href":"https:\/\/shop.nano.ba\/index.php\/wp-json\/wp\/v2\/product_brand?post=87540"},{"taxonomy":"product_cat","embeddable":true,"href":"https:\/\/shop.nano.ba\/index.php\/wp-json\/wp\/v2\/product_cat?post=87540"},{"taxonomy":"product_tag","embeddable":true,"href":"https:\/\/shop.nano.ba\/index.php\/wp-json\/wp\/v2\/product_tag?post=87540"}],"curies":[{"name":"wp","href":"https:\/\/api.w.org\/{rel}","templated":true}]}}