{"id":87557,"date":"2024-10-25T14:53:34","date_gmt":"2024-10-25T14:53:34","guid":{"rendered":"https:\/\/shop.nano.ba\/?post_type=product&#038;p=87557"},"modified":"2026-03-07T10:18:35","modified_gmt":"2026-03-07T10:18:35","slug":"drzac-motora-1-8m-duzine","status":"publish","type":"product","link":"https:\/\/shop.nano.ba\/index.php\/proizvod\/drzac-motora-1-8m-duzine\/","title":{"rendered":"Dr\u017ea\u010d motora 1.8m du\u017eine"},"content":{"rendered":"","protected":false},"excerpt":{"rendered":"","protected":false},"featured_media":87558,"template":"","meta":[],"product_brand":[],"product_cat":[337,668],"product_tag":[],"class_list":{"0":"post-87557","1":"product","2":"type-product","3":"status-publish","4":"has-post-thumbnail","6":"product_cat-alati","7":"product_cat-setovi-alata","9":"first","10":"outofstock","11":"shipping-taxable","12":"purchasable","13":"product-type-simple"},"_links":{"self":[{"href":"https:\/\/shop.nano.ba\/index.php\/wp-json\/wp\/v2\/product\/87557","targetHints":{"allow":["GET"]}}],"collection":[{"href":"https:\/\/shop.nano.ba\/index.php\/wp-json\/wp\/v2\/product"}],"about":[{"href":"https:\/\/shop.nano.ba\/index.php\/wp-json\/wp\/v2\/types\/product"}],"version-history":[{"count":1,"href":"https:\/\/shop.nano.ba\/index.php\/wp-json\/wp\/v2\/product\/87557\/revisions"}],"predecessor-version":[{"id":87559,"href":"https:\/\/shop.nano.ba\/index.php\/wp-json\/wp\/v2\/product\/87557\/revisions\/87559"}],"wp:featuredmedia":[{"embeddable":true,"href":"https:\/\/shop.nano.ba\/index.php\/wp-json\/wp\/v2\/media\/87558"}],"wp:attachment":[{"href":"https:\/\/shop.nano.ba\/index.php\/wp-json\/wp\/v2\/media?parent=87557"}],"wp:term":[{"taxonomy":"product_brand","embeddable":true,"href":"https:\/\/shop.nano.ba\/index.php\/wp-json\/wp\/v2\/product_brand?post=87557"},{"taxonomy":"product_cat","embeddable":true,"href":"https:\/\/shop.nano.ba\/index.php\/wp-json\/wp\/v2\/product_cat?post=87557"},{"taxonomy":"product_tag","embeddable":true,"href":"https:\/\/shop.nano.ba\/index.php\/wp-json\/wp\/v2\/product_tag?post=87557"}],"curies":[{"name":"wp","href":"https:\/\/api.w.org\/{rel}","templated":true}]}}